{"id":2262,"date":"2024-08-07T15:47:53","date_gmt":"2024-08-07T15:47:53","guid":{"rendered":"https:\/\/dev.addhelix.com\/?page_id=2262"},"modified":"2024-10-22T09:33:49","modified_gmt":"2024-10-22T09:33:49","slug":"optimization","status":"publish","type":"page","link":"https:\/\/dev.addhelix.com\/en\/optimization\/","title":{"rendered":"Optimization"},"content":{"rendered":"<div class=\"wp-block-cover alignfull\" style=\"min-height:25vw;aspect-ratio:unset;\"><span aria-hidden=\"true\" class=\"wp-block-cover__background has-contrast-background-color has-background-dim\"><\/span><img loading=\"lazy\" decoding=\"async\" width=\"1536\" height=\"600\" src=\"https:\/\/dev.addhelix.com\/wp-content\/uploads\/2024\/08\/Optimization_Header_ah_iSt_1488577482.png\" class=\"wp-block-cover__image-background wp-post-image\" alt=\"Optimization webservice addhelix\" data-object-fit=\"cover\" srcset=\"https:\/\/dev.addhelix.com\/wp-content\/uploads\/2024\/08\/Optimization_Header_ah_iSt_1488577482.png 1536w, https:\/\/dev.addhelix.com\/wp-content\/uploads\/2024\/08\/Optimization_Header_ah_iSt_1488577482-300x117.png 300w, https:\/\/dev.addhelix.com\/wp-content\/uploads\/2024\/08\/Optimization_Header_ah_iSt_1488577482-1024x400.png 1024w, https:\/\/dev.addhelix.com\/wp-content\/uploads\/2024\/08\/Optimization_Header_ah_iSt_1488577482-768x300.png 768w\" sizes=\"auto, (max-width: 1536px) 100vw, 1536px\" \/><div class=\"wp-block-cover__inner-container is-layout-flow wp-block-cover-is-layout-flow\">\n<h1 class=\"wp-block-heading has-text-align-center has-xxx-large-font-size\">Optimization Services<\/h1>\n<\/div><\/div>\n\n\n\n<div class=\"wp-block-group has-large-font-size has-global-padding is-layout-constrained wp-block-group-is-layout-constrained\" style=\"margin-top:var(--wp--preset--spacing--80);margin-bottom:var(--wp--preset--spacing--80)\">\n<p>For almost every economic sector, the efficient delivery of goods is crucial to business success. This creates enormous pressure on logistics companies to distribute shipments optimally and to make quick, data-based decisions even when faced with unforeseen challenges.<\/p>\n\n\n\n<p>At addHelix, we therefore use intelligent algorithms and advanced mathematical models to deliver fast results for complex problems. Whether you are a small delivery company or a multinational corporation with its own logistics: addHelix's scalable solutions revolutionize logistics processes for high competitiveness.<\/p>\n<\/div>\n\n\n\n<div class=\"wp-block-group has-global-padding is-layout-constrained wp-container-core-group-is-layout-462abad2 wp-block-group-is-layout-constrained\" style=\"margin-top:var(--wp--preset--spacing--80);margin-bottom:var(--wp--preset--spacing--80);padding-top:var(--wp--preset--spacing--80);padding-bottom:var(--wp--preset--spacing--80)\">\n<div class=\"wp-block-group has-global-padding is-layout-constrained wp-block-group-is-layout-constrained\">\n<h2 class=\"wp-block-heading has-text-align-center\" id=\"h-unsere-services\">Our services<\/h2>\n<\/div>\n\n\n\n<div class=\"wp-block-group has-global-padding is-layout-constrained wp-block-group-is-layout-constrained\">\n<div class=\"wp-block-group is-style-grid is-nowrap is-layout-flex wp-container-core-group-is-layout-877c468d wp-block-group-is-layout-flex\">    \r\n\r\n    <a href=\"https:\/\/dev.addhelix.com\/en\/services\/area-optimization\/\" class=\"block  block--usecase\">\r\n\r\n        <div class=\"block__media\">\r\n            <img loading=\"lazy\" decoding=\"async\" width=\"1024\" height=\"683\" src=\"https:\/\/dev.addhelix.com\/wp-content\/uploads\/2023\/12\/Area_Optimization_final-1-1024x683.png\" class=\"attachment-large size-large wp-post-image\" alt=\"Area Optimization Webservice addhelix\" srcset=\"https:\/\/dev.addhelix.com\/wp-content\/uploads\/2023\/12\/Area_Optimization_final-1-1024x683.png 1024w, https:\/\/dev.addhelix.com\/wp-content\/uploads\/2023\/12\/Area_Optimization_final-1-300x200.png 300w, https:\/\/dev.addhelix.com\/wp-content\/uploads\/2023\/12\/Area_Optimization_final-1-768x512.png 768w, https:\/\/dev.addhelix.com\/wp-content\/uploads\/2023\/12\/Area_Optimization_final-1-1536x1024.png 1536w, https:\/\/dev.addhelix.com\/wp-content\/uploads\/2023\/12\/Area_Optimization_final-1-2048x1366.png 2048w\" sizes=\"auto, (max-width: 1024px) 100vw, 1024px\" \/>        <\/div>\r\n\r\n        <div class=\"block__content\">\r\n            <h3 class=\"block__title\">Area Optimization<\/h3>\r\n            <div class=\"block__description\">\r\n                Optimize your route areas in accordance with your Service Level Agreement (SLA) for precise scheduling.            <\/div>\r\n        <\/div>\r\n\r\n    <\/a>\r\n\r\n\n\n    \r\n\r\n    <a href=\"https:\/\/dev.addhelix.com\/en\/services\/routing\/\" class=\"block  block--usecase\">\r\n\r\n        <div class=\"block__media\">\r\n            <img loading=\"lazy\" decoding=\"async\" width=\"1024\" height=\"683\" src=\"https:\/\/dev.addhelix.com\/wp-content\/uploads\/2023\/12\/Website_37146120-1-1024x683.jpg\" class=\"attachment-large size-large wp-post-image\" alt=\"\" srcset=\"https:\/\/dev.addhelix.com\/wp-content\/uploads\/2023\/12\/Website_37146120-1-1024x683.jpg 1024w, https:\/\/dev.addhelix.com\/wp-content\/uploads\/2023\/12\/Website_37146120-1-300x200.jpg 300w, https:\/\/dev.addhelix.com\/wp-content\/uploads\/2023\/12\/Website_37146120-1-768x512.jpg 768w, https:\/\/dev.addhelix.com\/wp-content\/uploads\/2023\/12\/Website_37146120-1-1536x1024.jpg 1536w, https:\/\/dev.addhelix.com\/wp-content\/uploads\/2023\/12\/Website_37146120-1-2048x1366.jpg 2048w\" sizes=\"auto, (max-width: 1024px) 100vw, 1024px\" \/>        <\/div>\r\n\r\n        <div class=\"block__content\">\r\n            <h3 class=\"block__title\">Routing<\/h3>\r\n            <div class=\"block__description\">\r\n                With the routing module, you can optimize your route planning and increase your efficiency.            <\/div>\r\n        <\/div>\r\n\r\n    <\/a>\r\n\r\n\n\n    \r\n\r\n    <a href=\"https:\/\/dev.addhelix.com\/en\/services\/tour-optimization\/\" class=\"block  block--usecase\">\r\n\r\n        <div class=\"block__media\">\r\n            <img loading=\"lazy\" decoding=\"async\" width=\"1024\" height=\"683\" src=\"https:\/\/dev.addhelix.com\/wp-content\/uploads\/2023\/12\/iStock-1674142256_2560x1707-1024x683.jpg\" class=\"attachment-large size-large wp-post-image\" alt=\"\" srcset=\"https:\/\/dev.addhelix.com\/wp-content\/uploads\/2023\/12\/iStock-1674142256_2560x1707-1024x683.jpg 1024w, https:\/\/dev.addhelix.com\/wp-content\/uploads\/2023\/12\/iStock-1674142256_2560x1707-300x200.jpg 300w, https:\/\/dev.addhelix.com\/wp-content\/uploads\/2023\/12\/iStock-1674142256_2560x1707-768x512.jpg 768w, https:\/\/dev.addhelix.com\/wp-content\/uploads\/2023\/12\/iStock-1674142256_2560x1707-1536x1024.jpg 1536w, https:\/\/dev.addhelix.com\/wp-content\/uploads\/2023\/12\/iStock-1674142256_2560x1707-2048x1366.jpg 2048w\" sizes=\"auto, (max-width: 1024px) 100vw, 1024px\" \/>        <\/div>\r\n\r\n        <div class=\"block__content\">\r\n            <h3 class=\"block__title\">Tour Optimization<\/h3>\r\n            <div class=\"block__description\">\r\n                Improve your route planning with the sophisticated mathematical models behind Tour Optimization.            <\/div>\r\n        <\/div>\r\n\r\n    <\/a>\r\n\r\n\n\n    \r\n\r\n    <a href=\"https:\/\/dev.addhelix.com\/en\/services\/tour-sequencing\/\" class=\"block  block--usecase\">\r\n\r\n        <div class=\"block__media\">\r\n            <img loading=\"lazy\" decoding=\"async\" width=\"1024\" height=\"683\" src=\"https:\/\/dev.addhelix.com\/wp-content\/uploads\/2023\/12\/TourSequencing_AHWebsite_sh_1998814655-1024x683.jpg\" class=\"attachment-large size-large wp-post-image\" alt=\"\" srcset=\"https:\/\/dev.addhelix.com\/wp-content\/uploads\/2023\/12\/TourSequencing_AHWebsite_sh_1998814655-1024x683.jpg 1024w, https:\/\/dev.addhelix.com\/wp-content\/uploads\/2023\/12\/TourSequencing_AHWebsite_sh_1998814655-300x200.jpg 300w, https:\/\/dev.addhelix.com\/wp-content\/uploads\/2023\/12\/TourSequencing_AHWebsite_sh_1998814655-768x512.jpg 768w, https:\/\/dev.addhelix.com\/wp-content\/uploads\/2023\/12\/TourSequencing_AHWebsite_sh_1998814655-1536x1024.jpg 1536w, https:\/\/dev.addhelix.com\/wp-content\/uploads\/2023\/12\/TourSequencing_AHWebsite_sh_1998814655-2048x1366.jpg 2048w, https:\/\/dev.addhelix.com\/wp-content\/uploads\/2023\/12\/TourSequencing_AHWebsite_sh_1998814655-18x12.jpg 18w\" sizes=\"auto, (max-width: 1024px) 100vw, 1024px\" \/>        <\/div>\r\n\r\n        <div class=\"block__content\">\r\n            <h3 class=\"block__title\">Tour Sequencing<\/h3>\r\n            <div class=\"block__description\">\r\n                Tour Sequencing helps you to deal efficiently with smaller batch sizes and many stops per tour.            <\/div>\r\n        <\/div>\r\n\r\n    <\/a>\r\n\r\n\n\n    \r\n\r\n    <a href=\"https:\/\/dev.addhelix.com\/en\/services\/stop-builder\/\" class=\"block  block--usecase\">\r\n\r\n        <div class=\"block__media\">\r\n            <img loading=\"lazy\" decoding=\"async\" width=\"1024\" height=\"683\" src=\"https:\/\/dev.addhelix.com\/wp-content\/uploads\/2023\/12\/StoppBuilder_AHWebsite_iSt_1652511983_2560x1707-1024x683.jpg\" class=\"attachment-large size-large wp-post-image\" alt=\"Stopp Builder addhelix Axians Use Case L\u00f6sungen\" srcset=\"https:\/\/dev.addhelix.com\/wp-content\/uploads\/2023\/12\/StoppBuilder_AHWebsite_iSt_1652511983_2560x1707-1024x683.jpg 1024w, https:\/\/dev.addhelix.com\/wp-content\/uploads\/2023\/12\/StoppBuilder_AHWebsite_iSt_1652511983_2560x1707-300x200.jpg 300w, https:\/\/dev.addhelix.com\/wp-content\/uploads\/2023\/12\/StoppBuilder_AHWebsite_iSt_1652511983_2560x1707-768x512.jpg 768w, https:\/\/dev.addhelix.com\/wp-content\/uploads\/2023\/12\/StoppBuilder_AHWebsite_iSt_1652511983_2560x1707-1536x1024.jpg 1536w, https:\/\/dev.addhelix.com\/wp-content\/uploads\/2023\/12\/StoppBuilder_AHWebsite_iSt_1652511983_2560x1707-2048x1366.jpg 2048w, https:\/\/dev.addhelix.com\/wp-content\/uploads\/2023\/12\/StoppBuilder_AHWebsite_iSt_1652511983_2560x1707-18x12.jpg 18w\" sizes=\"auto, (max-width: 1024px) 100vw, 1024px\" \/>        <\/div>\r\n\r\n        <div class=\"block__content\">\r\n            <h3 class=\"block__title\">Stop Builder<\/h3>\r\n            <div class=\"block__description\">\r\n                With the Stop Builder, you can efficiently bundle your pick-up and delivery stops and save time, money and CO\u2082.            <\/div>\r\n        <\/div>\r\n\r\n    <\/a>\r\n\r\n\n\n    \r\n\r\n    <a href=\"https:\/\/dev.addhelix.com\/en\/services\/tour-estimator\/\" class=\"block  block--usecase\">\r\n\r\n        <div class=\"block__media\">\r\n            <img loading=\"lazy\" decoding=\"async\" width=\"1024\" height=\"683\" src=\"https:\/\/dev.addhelix.com\/wp-content\/uploads\/2023\/12\/TourEstimator_AHWEbsite_iSt_1587407164_magenta-1024x683.jpg\" class=\"attachment-large size-large wp-post-image\" alt=\"Tour Estimator addHelix Axians L\u00f6sungen Use case\" srcset=\"https:\/\/dev.addhelix.com\/wp-content\/uploads\/2023\/12\/TourEstimator_AHWEbsite_iSt_1587407164_magenta-1024x683.jpg 1024w, https:\/\/dev.addhelix.com\/wp-content\/uploads\/2023\/12\/TourEstimator_AHWEbsite_iSt_1587407164_magenta-300x200.jpg 300w, https:\/\/dev.addhelix.com\/wp-content\/uploads\/2023\/12\/TourEstimator_AHWEbsite_iSt_1587407164_magenta-768x512.jpg 768w, https:\/\/dev.addhelix.com\/wp-content\/uploads\/2023\/12\/TourEstimator_AHWEbsite_iSt_1587407164_magenta-1536x1024.jpg 1536w, https:\/\/dev.addhelix.com\/wp-content\/uploads\/2023\/12\/TourEstimator_AHWEbsite_iSt_1587407164_magenta-2048x1366.jpg 2048w, https:\/\/dev.addhelix.com\/wp-content\/uploads\/2023\/12\/TourEstimator_AHWEbsite_iSt_1587407164_magenta-18x12.jpg 18w\" sizes=\"auto, (max-width: 1024px) 100vw, 1024px\" \/>        <\/div>\r\n\r\n        <div class=\"block__content\">\r\n            <h3 class=\"block__title\">Tour Estimator<\/h3>\r\n            <div class=\"block__description\">\r\n                The Tour Estimator provides you with reliable, initial estimates for quick decisions in tour planning.            <\/div>\r\n        <\/div>\r\n\r\n    <\/a>\r\n\r\n\n\n    \r\n\r\n    <a href=\"https:\/\/dev.addhelix.com\/en\/services\/field-service-optimization\/\" class=\"block  block--usecase\">\r\n\r\n        <div class=\"block__media\">\r\n            <img loading=\"lazy\" decoding=\"async\" width=\"1024\" height=\"683\" src=\"https:\/\/dev.addhelix.com\/wp-content\/uploads\/2023\/12\/FieldService_AHWebsite_FP25909689_2560X1707-1024x683.jpg\" class=\"attachment-large size-large wp-post-image\" alt=\"Field Service Optimization addhelix Axians Use Case Webservices L\u00f6sungen\" srcset=\"https:\/\/dev.addhelix.com\/wp-content\/uploads\/2023\/12\/FieldService_AHWebsite_FP25909689_2560X1707-1024x683.jpg 1024w, https:\/\/dev.addhelix.com\/wp-content\/uploads\/2023\/12\/FieldService_AHWebsite_FP25909689_2560X1707-300x200.jpg 300w, https:\/\/dev.addhelix.com\/wp-content\/uploads\/2023\/12\/FieldService_AHWebsite_FP25909689_2560X1707-768x512.jpg 768w, https:\/\/dev.addhelix.com\/wp-content\/uploads\/2023\/12\/FieldService_AHWebsite_FP25909689_2560X1707-1536x1024.jpg 1536w, https:\/\/dev.addhelix.com\/wp-content\/uploads\/2023\/12\/FieldService_AHWebsite_FP25909689_2560X1707-2048x1366.jpg 2048w, https:\/\/dev.addhelix.com\/wp-content\/uploads\/2023\/12\/FieldService_AHWebsite_FP25909689_2560X1707-18x12.jpg 18w\" sizes=\"auto, (max-width: 1024px) 100vw, 1024px\" \/>        <\/div>\r\n\r\n        <div class=\"block__content\">\r\n            <h3 class=\"block__title\">Field Service Optimization<\/h3>\r\n            <div class=\"block__description\">\r\n                Improve your profitability with route optimization for service, sales and care services in the field.            <\/div>\r\n        <\/div>\r\n\r\n    <\/a>\r\n\r\n<\/div>\n<\/div>\n<\/div>\n\n\n\n<div class=\"wp-block-group alignfull has-white-color has-text-color has-background is-layout-flow wp-block-group-is-layout-flow\" style=\"background:linear-gradient(224deg,rgb(65,192,240) 0%,rgb(162,0,103) 100%);margin-top:0;margin-bottom:0;padding-top:var(--wp--preset--spacing--60);padding-right:var(--wp--preset--spacing--60);padding-bottom:var(--wp--preset--spacing--60);padding-left:var(--wp--preset--spacing--60)\">\n<div class=\"wp-block-group has-global-padding is-layout-constrained wp-block-group-is-layout-constrained\">\n<div class=\"wp-block-columns is-layout-flex wp-container-core-columns-is-layout-f24b2f23 wp-block-columns-is-layout-flex\" style=\"padding-top:var(--wp--preset--spacing--80);padding-bottom:var(--wp--preset--spacing--80)\">\n<div class=\"wp-block-column is-layout-flow wp-container-core-column-is-layout-f751d6c2 wp-block-column-is-layout-flow\" style=\"flex-basis:75%\">\n<div class=\"wp-block-group is-vertical is-layout-flex wp-container-core-group-is-layout-c35747d5 wp-block-group-is-layout-flex\">\n<h2 class=\"wp-block-heading\" id=\"h-integrieren-sie-die-services-von-addhelix-in-ihre-bestehende-architektur\">Integrate the services of addHelix into your existing architecture!<\/h2>\n\n\n\n<p class=\"has-medium-font-size translation-block\">What sets us apart is our impressive availability and many years of expertise in the logistics industry. We know what is important and our APIs are the result of this deep understanding.<\/p>\n<\/div>\n\n\n\n<div class=\"wp-block-buttons is-layout-flex wp-block-buttons-is-layout-flex\">\n<div class=\"wp-block-button is-style-fill\"><a class=\"wp-block-button__link has-secondary-color has-white-background-color has-text-color has-background has-link-color wp-element-button\" href=\"mailto:info@addhelix.com\" style=\"border-style:none;border-width:0px\">Contact us<\/a><\/div>\n<\/div>\n<\/div>\n\n\n\n<div class=\"wp-block-column is-layout-flow wp-block-column-is-layout-flow\" style=\"flex-basis:25%\">\n<div style=\"height:49px\" aria-hidden=\"true\" class=\"wp-block-spacer\"><\/div>\n<\/div>\n<\/div>\n<\/div>\n<\/div>","protected":false},"excerpt":{"rendered":"<p>F\u00fcr fast jedes Wirtschaftsfeld ist eine effiziente Lieferung von G\u00fctern entscheidend f\u00fcr den Gesch\u00e4ftserfolg. Das erzeugt einen enormen Druck auf Logistikunternehmen, Sendungen optimal zu verteilen und auch bei unvorhergesehenen Herausforderungen, schnell und datenbasiert Entscheidungen zu treffen. Wir von addHelix nutzen deshalb intelligente Algorithmen und fortschrittliche, mathematische Modelle, um auf komplexe Probleme, schnelle Ergebnisse zu liefern. [&hellip;]<\/p>\n","protected":false},"author":2,"featured_media":2512,"parent":0,"menu_order":0,"comment_status":"closed","ping_status":"closed","template":"","meta":{"_acf_changed":false,"content-type":"","inline_featured_image":false,"footnotes":""},"class_list":["post-2262","page","type-page","status-publish","has-post-thumbnail","hentry"],"acf":[],"_links":{"self":[{"href":"https:\/\/dev.addhelix.com\/en\/wp-json\/wp\/v2\/pages\/2262","targetHints":{"allow":["GET"]}}],"collection":[{"href":"https:\/\/dev.addhelix.com\/en\/wp-json\/wp\/v2\/pages"}],"about":[{"href":"https:\/\/dev.addhelix.com\/en\/wp-json\/wp\/v2\/types\/page"}],"author":[{"embeddable":true,"href":"https:\/\/dev.addhelix.com\/en\/wp-json\/wp\/v2\/users\/2"}],"replies":[{"embeddable":true,"href":"https:\/\/dev.addhelix.com\/en\/wp-json\/wp\/v2\/comments?post=2262"}],"version-history":[{"count":10,"href":"https:\/\/dev.addhelix.com\/en\/wp-json\/wp\/v2\/pages\/2262\/revisions"}],"predecessor-version":[{"id":3725,"href":"https:\/\/dev.addhelix.com\/en\/wp-json\/wp\/v2\/pages\/2262\/revisions\/3725"}],"wp:featuredmedia":[{"embeddable":true,"href":"https:\/\/dev.addhelix.com\/en\/wp-json\/wp\/v2\/media\/2512"}],"wp:attachment":[{"href":"https:\/\/dev.addhelix.com\/en\/wp-json\/wp\/v2\/media?parent=2262"}],"curies":[{"name":"wp","href":"https:\/\/api.w.org\/{rel}","templated":true}]}}