{"id":2265,"date":"2024-08-07T15:41:10","date_gmt":"2024-08-07T15:41:10","guid":{"rendered":"https:\/\/dev.addhelix.com\/?page_id=2265"},"modified":"2024-09-02T09:34:52","modified_gmt":"2024-09-02T09:34:52","slug":"ai-ki","status":"publish","type":"page","link":"https:\/\/dev.addhelix.com\/en\/ai-ki\/","title":{"rendered":"AI \/ KI"},"content":{"rendered":"<div class=\"wp-block-cover alignfull\" style=\"min-height:25vw;aspect-ratio:unset;\"><span aria-hidden=\"true\" class=\"wp-block-cover__background has-contrast-background-color has-background-dim\"><\/span><img loading=\"lazy\" decoding=\"async\" width=\"1536\" height=\"600\" src=\"https:\/\/dev.addhelix.com\/wp-content\/uploads\/2024\/08\/AI_KI_haeder_ah_iSt_1469759135.png\" class=\"wp-block-cover__image-background wp-post-image\" alt=\"Ai K Services addhelix\" data-object-fit=\"cover\" srcset=\"https:\/\/dev.addhelix.com\/wp-content\/uploads\/2024\/08\/AI_KI_haeder_ah_iSt_1469759135.png 1536w, https:\/\/dev.addhelix.com\/wp-content\/uploads\/2024\/08\/AI_KI_haeder_ah_iSt_1469759135-300x117.png 300w, https:\/\/dev.addhelix.com\/wp-content\/uploads\/2024\/08\/AI_KI_haeder_ah_iSt_1469759135-1024x400.png 1024w, https:\/\/dev.addhelix.com\/wp-content\/uploads\/2024\/08\/AI_KI_haeder_ah_iSt_1469759135-768x300.png 768w\" sizes=\"auto, (max-width: 1536px) 100vw, 1536px\" \/><div class=\"wp-block-cover__inner-container is-layout-flow wp-block-cover-is-layout-flow\">\n<h2 class=\"wp-block-heading has-text-align-center has-xxx-large-font-size\">AI \/ KI Services<\/h2>\n<\/div><\/div>\n\n\n\n<div class=\"wp-block-group has-large-font-size has-global-padding is-layout-constrained wp-block-group-is-layout-constrained\" style=\"margin-top:var(--wp--preset--spacing--80);margin-bottom:var(--wp--preset--spacing--80)\">\n<p>In the complex world of logistics with its multi-layered influencing factors, reliable prediction of potential obstacles is essential. Only with data-based decisions can problems be prevented and delays averted. At addHelix, we therefore use AI-based models that predict future transportation requirements, warehouse forecasts and intelligent weather forecasts based on historical data, thereby providing planning reliability.<\/p>\n\n\n\n<p>Optimize your logistics processes, save costs and stay one step ahead of logistical challenges with web-based, innovative solutions based on artificial intelligence.<\/p>\n<\/div>\n\n\n\n<div class=\"wp-block-group has-global-padding is-layout-constrained wp-container-core-group-is-layout-462abad2 wp-block-group-is-layout-constrained\" style=\"margin-top:var(--wp--preset--spacing--80);margin-bottom:var(--wp--preset--spacing--80);padding-top:var(--wp--preset--spacing--80);padding-bottom:var(--wp--preset--spacing--80)\">\n<div class=\"wp-block-group has-global-padding is-layout-constrained wp-block-group-is-layout-constrained\">\n<h2 class=\"wp-block-heading has-text-align-center\" id=\"h-maps-amp-data\">Our services<\/h2>\n<\/div>\n\n\n\n<div class=\"wp-block-group has-global-padding is-layout-constrained wp-block-group-is-layout-constrained\">\n<div class=\"wp-block-group has-global-padding is-layout-constrained wp-block-group-is-layout-constrained\">\n<div class=\"wp-block-group is-style-grid is-nowrap is-layout-flex wp-container-core-group-is-layout-877c468d wp-block-group-is-layout-flex\">    \r\n\r\n    <a href=\"https:\/\/dev.addhelix.com\/en\/services\/transport-forecast\/\" class=\"block  block--usecase\">\r\n\r\n        <div class=\"block__media\">\r\n            <img loading=\"lazy\" decoding=\"async\" width=\"1024\" height=\"683\" src=\"https:\/\/dev.addhelix.com\/wp-content\/uploads\/2025\/01\/TransportForecast_AHWSite_iSt_1753239343-1-1024x683.jpg\" class=\"attachment-large size-large wp-post-image\" alt=\"Transport Forecast addhelix Axians Use Case Webservices L\u00f6sungen\" srcset=\"https:\/\/dev.addhelix.com\/wp-content\/uploads\/2025\/01\/TransportForecast_AHWSite_iSt_1753239343-1-1024x683.jpg 1024w, https:\/\/dev.addhelix.com\/wp-content\/uploads\/2025\/01\/TransportForecast_AHWSite_iSt_1753239343-1-300x200.jpg 300w, https:\/\/dev.addhelix.com\/wp-content\/uploads\/2025\/01\/TransportForecast_AHWSite_iSt_1753239343-1-768x512.jpg 768w, https:\/\/dev.addhelix.com\/wp-content\/uploads\/2025\/01\/TransportForecast_AHWSite_iSt_1753239343-1-1536x1024.jpg 1536w, https:\/\/dev.addhelix.com\/wp-content\/uploads\/2025\/01\/TransportForecast_AHWSite_iSt_1753239343-1-2048x1366.jpg 2048w, https:\/\/dev.addhelix.com\/wp-content\/uploads\/2025\/01\/TransportForecast_AHWSite_iSt_1753239343-1-18x12.jpg 18w\" sizes=\"auto, (max-width: 1024px) 100vw, 1024px\" \/>        <\/div>\r\n\r\n        <div class=\"block__content\">\r\n            <h3 class=\"block__title\">Transport Forecast<\/h3>\r\n            <div class=\"block__description\">\r\n                Use AI-supported forecasts for big data-supported decisions in the day-to-day business of your transport planning.            <\/div>\r\n        <\/div>\r\n\r\n    <\/a>\r\n\r\n\n\n    \r\n\r\n    <a href=\"https:\/\/dev.addhelix.com\/en\/services\/warehouse-forecast\/\" class=\"block  block--usecase\">\r\n\r\n        <div class=\"block__media\">\r\n            <img loading=\"lazy\" decoding=\"async\" width=\"1024\" height=\"683\" src=\"https:\/\/dev.addhelix.com\/wp-content\/uploads\/2025\/01\/WarehouseForecast_AHWsite-FP_2151116749-1024x683.jpg\" class=\"attachment-large size-large wp-post-image\" alt=\"Warehouse Forecast addhelix Axians Use Case Webservices L\u00f6sungen\" srcset=\"https:\/\/dev.addhelix.com\/wp-content\/uploads\/2025\/01\/WarehouseForecast_AHWsite-FP_2151116749-1024x683.jpg 1024w, https:\/\/dev.addhelix.com\/wp-content\/uploads\/2025\/01\/WarehouseForecast_AHWsite-FP_2151116749-300x200.jpg 300w, https:\/\/dev.addhelix.com\/wp-content\/uploads\/2025\/01\/WarehouseForecast_AHWsite-FP_2151116749-768x512.jpg 768w, https:\/\/dev.addhelix.com\/wp-content\/uploads\/2025\/01\/WarehouseForecast_AHWsite-FP_2151116749-1536x1024.jpg 1536w, https:\/\/dev.addhelix.com\/wp-content\/uploads\/2025\/01\/WarehouseForecast_AHWsite-FP_2151116749-2048x1366.jpg 2048w, https:\/\/dev.addhelix.com\/wp-content\/uploads\/2025\/01\/WarehouseForecast_AHWsite-FP_2151116749-18x12.jpg 18w\" sizes=\"auto, (max-width: 1024px) 100vw, 1024px\" \/>        <\/div>\r\n\r\n        <div class=\"block__content\">\r\n            <h3 class=\"block__title\">Warehouse Forecast<\/h3>\r\n            <div class=\"block__description\">\r\n                The intelligent, AI-supported warehouse forecasts from Warehouse Forecast help to plan resources optimally.            <\/div>\r\n        <\/div>\r\n\r\n    <\/a>\r\n\r\n\n\n    \r\n\r\n    <a href=\"https:\/\/dev.addhelix.com\/en\/services\/weather-forecast\/\" class=\"block  block--usecase\">\r\n\r\n        <div class=\"block__media\">\r\n            <img loading=\"lazy\" decoding=\"async\" width=\"1024\" height=\"683\" src=\"https:\/\/dev.addhelix.com\/wp-content\/uploads\/2025\/01\/WeatherForecast_AHWsite_PGR_2560x1707-1024x683.png\" class=\"attachment-large size-large wp-post-image\" alt=\"Weather Forecast addhelix Axians Use Case Webservices L\u00f6sungen\" srcset=\"https:\/\/dev.addhelix.com\/wp-content\/uploads\/2025\/01\/WeatherForecast_AHWsite_PGR_2560x1707-1024x683.png 1024w, https:\/\/dev.addhelix.com\/wp-content\/uploads\/2025\/01\/WeatherForecast_AHWsite_PGR_2560x1707-300x200.png 300w, https:\/\/dev.addhelix.com\/wp-content\/uploads\/2025\/01\/WeatherForecast_AHWsite_PGR_2560x1707-768x512.png 768w, https:\/\/dev.addhelix.com\/wp-content\/uploads\/2025\/01\/WeatherForecast_AHWsite_PGR_2560x1707-1536x1024.png 1536w, https:\/\/dev.addhelix.com\/wp-content\/uploads\/2025\/01\/WeatherForecast_AHWsite_PGR_2560x1707-2048x1366.png 2048w, https:\/\/dev.addhelix.com\/wp-content\/uploads\/2025\/01\/WeatherForecast_AHWsite_PGR_2560x1707-18x12.png 18w\" sizes=\"auto, (max-width: 1024px) 100vw, 1024px\" \/>        <\/div>\r\n\r\n        <div class=\"block__content\">\r\n            <h3 class=\"block__title\">Weather Forecast<\/h3>\r\n            <div class=\"block__description\">\r\n                Use AI-powered, reliable weather forecasts and interactive visualizations to plan your freight with confidence.            <\/div>\r\n        <\/div>\r\n\r\n    <\/a>\r\n\r\n<\/div>\n<\/div>\n<\/div>\n<\/div>\n\n\n\n<div class=\"wp-block-group alignfull has-white-color has-text-color has-background is-layout-flow wp-block-group-is-layout-flow\" style=\"background:linear-gradient(224deg,rgb(65,192,240) 0%,rgb(162,0,103) 100%);margin-top:0;margin-bottom:0;padding-top:var(--wp--preset--spacing--60);padding-right:var(--wp--preset--spacing--60);padding-bottom:var(--wp--preset--spacing--60);padding-left:var(--wp--preset--spacing--60)\">\n<div class=\"wp-block-group has-global-padding is-layout-constrained wp-block-group-is-layout-constrained\">\n<div class=\"wp-block-columns is-layout-flex wp-container-core-columns-is-layout-f24b2f23 wp-block-columns-is-layout-flex\" style=\"padding-top:var(--wp--preset--spacing--80);padding-bottom:var(--wp--preset--spacing--80)\">\n<div class=\"wp-block-column is-layout-flow wp-container-core-column-is-layout-f751d6c2 wp-block-column-is-layout-flow\" style=\"flex-basis:75%\">\n<div class=\"wp-block-group is-vertical is-layout-flex wp-container-core-group-is-layout-c35747d5 wp-block-group-is-layout-flex\">\n<h2 class=\"wp-block-heading\" id=\"h-integrieren-sie-die-services-von-addhelix-in-ihre-bestehende-architektur\">Integrate the services of addHelix into your existing architecture!<\/h2>\n\n\n\n<p class=\"has-medium-font-size translation-block\">What sets us apart is our impressive availability and many years of expertise in the logistics industry. We know what is important and our APIs are the result of this deep understanding.<\/p>\n<\/div>\n\n\n\n<div class=\"wp-block-buttons is-layout-flex wp-block-buttons-is-layout-flex\">\n<div class=\"wp-block-button is-style-fill\"><a class=\"wp-block-button__link has-secondary-color has-white-background-color has-text-color has-background has-link-color wp-element-button\" href=\"mailto:info@addhelix.com\" style=\"border-style:none;border-width:0px\">Contact us<\/a><\/div>\n<\/div>\n<\/div>\n\n\n\n<div class=\"wp-block-column is-layout-flow wp-block-column-is-layout-flow\" style=\"flex-basis:25%\">\n<div style=\"height:49px\" aria-hidden=\"true\" class=\"wp-block-spacer\"><\/div>\n<\/div>\n<\/div>\n<\/div>\n<\/div>","protected":false},"excerpt":{"rendered":"<p>In der komplexen Welt der Logistik mit vielschichtigen Einflussfaktoren ist eine zuverl\u00e4ssige Vorhersage von m\u00f6glichen Hindernissen das Um und Auf. Nur bei datenbasierten Entscheidungen k\u00f6nnen auch Probleme verhindert und Verz\u00f6gerungen abgewendet werden. Wir von addHelix nutzen deshalb KI-basierte Modelle, die zuk\u00fcnftige Transportbedarfe, Lagerprognosen und intelligente Wettervorhersagen basierend auf historischen Daten voraussagen und damit Planungssicherheit bieten. [&hellip;]<\/p>\n","protected":false},"author":2,"featured_media":2524,"parent":0,"menu_order":0,"comment_status":"closed","ping_status":"closed","template":"","meta":{"_acf_changed":false,"content-type":"","inline_featured_image":false,"footnotes":""},"class_list":["post-2265","page","type-page","status-publish","has-post-thumbnail","hentry"],"acf":[],"_links":{"self":[{"href":"https:\/\/dev.addhelix.com\/en\/wp-json\/wp\/v2\/pages\/2265","targetHints":{"allow":["GET"]}}],"collection":[{"href":"https:\/\/dev.addhelix.com\/en\/wp-json\/wp\/v2\/pages"}],"about":[{"href":"https:\/\/dev.addhelix.com\/en\/wp-json\/wp\/v2\/types\/page"}],"author":[{"embeddable":true,"href":"https:\/\/dev.addhelix.com\/en\/wp-json\/wp\/v2\/users\/2"}],"replies":[{"embeddable":true,"href":"https:\/\/dev.addhelix.com\/en\/wp-json\/wp\/v2\/comments?post=2265"}],"version-history":[{"count":10,"href":"https:\/\/dev.addhelix.com\/en\/wp-json\/wp\/v2\/pages\/2265\/revisions"}],"predecessor-version":[{"id":3115,"href":"https:\/\/dev.addhelix.com\/en\/wp-json\/wp\/v2\/pages\/2265\/revisions\/3115"}],"wp:featuredmedia":[{"embeddable":true,"href":"https:\/\/dev.addhelix.com\/en\/wp-json\/wp\/v2\/media\/2524"}],"wp:attachment":[{"href":"https:\/\/dev.addhelix.com\/en\/wp-json\/wp\/v2\/media?parent=2265"}],"curies":[{"name":"wp","href":"https:\/\/api.w.org\/{rel}","templated":true}]}}