{"id":2324,"date":"2024-08-12T14:57:11","date_gmt":"2024-08-12T14:57:11","guid":{"rendered":"https:\/\/dev.addhelix.com\/?page_id=2324"},"modified":"2025-01-09T14:46:16","modified_gmt":"2025-01-09T14:46:16","slug":"ueber-uns","status":"publish","type":"page","link":"https:\/\/dev.addhelix.com\/en\/ueber-uns\/","title":{"rendered":"About us"},"content":{"rendered":"<div class=\"wp-block-cover alignfull\" style=\"min-height:25vw;aspect-ratio:unset;\"><span aria-hidden=\"true\" class=\"wp-block-cover__background has-background-dim\" style=\"background-color:#4f4e4d\"><\/span><img loading=\"lazy\" decoding=\"async\" width=\"1536\" height=\"600\" src=\"https:\/\/dev.addhelix.com\/wp-content\/uploads\/2024\/08\/Axians-Building-Branding_fnal.jpg\" class=\"wp-block-cover__image-background wp-post-image\" alt=\"Axians Team \u00fcber uns\" data-object-fit=\"cover\" data-object-position=\"46% 31%\" style=\"object-position:46% 31%;\" srcset=\"https:\/\/dev.addhelix.com\/wp-content\/uploads\/2024\/08\/Axians-Building-Branding_fnal.jpg 1536w, https:\/\/dev.addhelix.com\/wp-content\/uploads\/2024\/08\/Axians-Building-Branding_fnal-300x117.jpg 300w, https:\/\/dev.addhelix.com\/wp-content\/uploads\/2024\/08\/Axians-Building-Branding_fnal-1024x400.jpg 1024w, https:\/\/dev.addhelix.com\/wp-content\/uploads\/2024\/08\/Axians-Building-Branding_fnal-768x300.jpg 768w\" sizes=\"auto, (max-width: 1536px) 100vw, 1536px\" \/><div class=\"wp-block-cover__inner-container is-layout-flow wp-block-cover-is-layout-flow\"><h1 class=\"has-text-align-center has-link-color wp-elements-5c15f29beec0071bb8fddc48a7dd2909 wp-block-post-title has-text-color has-white-color\">About us<\/h1><\/div><\/div>\n\n\n\n<div class=\"wp-block-group has-global-padding is-layout-constrained wp-block-group-is-layout-constrained\">\n<p class=\"has-x-large-font-size\"><strong>About us<\/strong><\/p>\n\n\n\n<p class=\"has-large-font-size\">By providing platform solutions, goods movements and processes can be sustainably improved in almost all industries. Our seamless integration capabilities, flexibility and scalability guarantee comprehensive adaptability and lead logistics into a groundbreaking future.<\/p>\n\n\n\n<p class=\"has-large-font-size\">We strive to become the largest web platform for logistics services in Europe that can fully map the requirements of regional and global transport chains by integrating all market-leading solutions.<\/p>\n<\/div>\n\n\n\n<div class=\"wp-block-group has-global-padding is-layout-constrained wp-block-group-is-layout-constrained\">\n<h2 class=\"wp-block-heading has-large-font-size\"><strong>Our infrastructure<\/strong><\/h2>\n\n\n\n<ul class=\"wp-block-list has-large-font-size\">\n<li>Data center in Vienna<\/li>\n\n\n\n<li>Cloud services in secure Austrian data centers<\/li>\n<\/ul>\n<\/div>\n\n\n\n<div class=\"wp-block-group has-global-padding is-layout-constrained wp-block-group-is-layout-constrained\">\n<h2 class=\"wp-block-heading has-large-font-size\"><strong>Our history<\/strong><\/h2>\n\n\n\n<p class=\"has-large-font-size\">With Axians ICT Austria as your partner, you will always stay one step ahead of the market. As a logistics software professional with almost 30 years of experience, we are helping to shape the logistics of tomorrow. Originating from a logistics company on Lake Constance, we are now one of the pioneering developers of practice-oriented software solutions in Europe. With our addHelix brand, our logistics web service platform, we support you in staying one step ahead of market requirements.<\/p>\n\n\n\n<div class=\"wp-block-group has-global-padding is-layout-constrained wp-block-group-is-layout-constrained\">\n<iframe width=\"100%\" style=\"aspect-ratio: 16  \/ 9;\" src=\"https:\/\/www.youtube.com\/embed\/6xcKLG5bJBM?si=gXvSqLTUR9Ey4Cpu&amp;autoplay=0&amp;mute=0&amp;controls=1&amp;loop=0&amp;rel=0\" title=\"YouTube video player\" frameborder=\"0\" allow=\"accelerometer; autoplay; clipboard-write; encrypted-media; gyroscope; picture-in-picture; web-share\" referrerpolicy=\"strict-origin-when-cross-origin\" allowfullscreen><\/iframe>\n<\/div>\n<\/div>\n\n\n\n<div class=\"wp-block-group alignfull has-global-padding is-layout-constrained wp-block-group-is-layout-constrained has-background\" style=\"margin-top:var(--wp--preset--spacing--80);margin-bottom:var(--wp--preset--spacing--80);padding-top:var(--wp--preset--spacing--80);padding-bottom:var(--wp--preset--spacing--80);background-image:url(&apos;https:\/\/dev.addhelix.com\/wp-content\/uploads\/2024\/08\/Helix.png&apos;);background-position:0% 50%;background-repeat:no-repeat;background-size:contain;\">\n<div class=\"wp-block-group has-global-padding is-layout-constrained wp-block-group-is-layout-constrained\">\n<h2 class=\"wp-block-heading has-text-align-center\" style=\"margin-top:var(--wp--preset--spacing--80);margin-right:var(--wp--preset--spacing--60);margin-bottom:var(--wp--preset--spacing--80);margin-left:var(--wp--preset--spacing--60)\">Our promise<\/h2>\n\n\n\n<div class=\"wp-block-columns is-layout-flex wp-container-core-columns-is-layout-66fad18a wp-block-columns-is-layout-flex\">\n<div class=\"wp-block-column is-layout-flow wp-container-core-column-is-layout-f5bb311e wp-block-column-is-layout-flow\">\n<div class=\"wp-block-group has-global-padding is-layout-constrained wp-container-core-group-is-layout-639b5052 wp-block-group-is-layout-constrained\" style=\"min-height:100%;padding-top:0;padding-right:0;padding-bottom:0;padding-left:0\">\n<h3 class=\"wp-block-heading has-large-font-size\" style=\"line-height:1.1\">Comprehensive solutions<\/h3>\n\n\n\n<p>Our web-based services cover all logistics requirements - from transportation and warehouse forecasting to logistics services. With the online platform, we offer you a digital all-round solution for the highest demands.<\/p>\n<\/div>\n<\/div>\n\n\n\n<div class=\"wp-block-column is-layout-flow wp-container-core-column-is-layout-f5bb311e wp-block-column-is-layout-flow\">\n<div class=\"wp-block-group has-global-padding is-layout-constrained wp-container-core-group-is-layout-639b5052 wp-block-group-is-layout-constrained\" style=\"min-height:100%;padding-top:0;padding-right:0;padding-bottom:0;padding-left:0\">\n<h3 class=\"wp-block-heading has-large-font-size\" style=\"line-height:1.1\">Open platform<\/h3>\n\n\n\n<p>Our addHelix web service platform is available to anyone who wants to move goods or people efficiently. We offer flexible and scalable solutions that can be seamlessly integrated into your existing systems.<\/p>\n<\/div>\n<\/div>\n\n\n\n<div class=\"wp-block-column is-layout-flow wp-container-core-column-is-layout-f5bb311e wp-block-column-is-layout-flow\">\n<div class=\"wp-block-group has-global-padding is-layout-constrained wp-container-core-group-is-layout-639b5052 wp-block-group-is-layout-constrained\" style=\"min-height:100%;padding-top:0;padding-right:0;padding-bottom:0;padding-left:0\">\n<h3 class=\"wp-block-heading has-large-font-size\" style=\"line-height:1.1\">Global networking<\/h3>\n\n\n\n<p>As part of Axians and the VINCI Energies Group, we benefit from an extensive international network. This strong connection enables us to develop innovative and future-oriented solutions with a global reach.<\/p>\n<\/div>\n<\/div>\n<\/div>\n<\/div>\n<\/div>\n\n\n\n<div class=\"wp-block-group alignfull has-white-color has-text-color has-background is-layout-flow wp-block-group-is-layout-flow\" style=\"background:linear-gradient(224deg,rgb(65,192,240) 0%,rgb(162,0,103) 100%);margin-top:0;margin-bottom:0;padding-top:var(--wp--preset--spacing--60);padding-right:var(--wp--preset--spacing--60);padding-bottom:var(--wp--preset--spacing--60);padding-left:var(--wp--preset--spacing--60)\">\n<div class=\"wp-block-group has-global-padding is-layout-constrained wp-block-group-is-layout-constrained\">\n<div class=\"wp-block-columns are-vertically-aligned-bottom is-layout-flex wp-container-core-columns-is-layout-f24b2f23 wp-block-columns-is-layout-flex\" style=\"padding-top:var(--wp--preset--spacing--80);padding-bottom:var(--wp--preset--spacing--80)\">\n<div class=\"wp-block-column is-vertically-aligned-bottom is-layout-flow wp-container-core-column-is-layout-f751d6c2 wp-block-column-is-layout-flow\" style=\"flex-basis:75%\">\n<div class=\"wp-block-group is-vertical is-layout-flex wp-container-core-group-is-layout-c35747d5 wp-block-group-is-layout-flex\">\n<h2 class=\"wp-block-heading\" id=\"h-sie-mochten-mit-uns-arbeiten\">Would you like to work with us?<\/h2>\n\n\n\n<p class=\"has-medium-font-size\">Together we will take your logistics to the next level and solve your daily challenges.<\/p>\n<\/div>\n\n\n\n<div class=\"wp-block-buttons is-content-justification-left is-layout-flex wp-container-core-buttons-is-layout-f3afa3a0 wp-block-buttons-is-layout-flex\">\n<div class=\"wp-block-button\"><a class=\"wp-block-button__link has-secondary-color has-white-background-color has-text-color has-background has-link-color wp-element-button\" href=\"mailto:info@addhelix.com\" style=\"padding-top:var(--wp--preset--spacing--30);padding-right:var(--wp--preset--spacing--70);padding-bottom:var(--wp--preset--spacing--30);padding-left:var(--wp--preset--spacing--70)\">Contact us now<\/a><\/div>\n<\/div>\n<\/div>\n\n\n\n<div class=\"wp-block-column is-vertically-aligned-bottom is-layout-flow wp-container-core-column-is-layout-8a368f38 wp-block-column-is-layout-flow\" style=\"flex-basis:25%\"><\/div>\n<\/div>\n<\/div>\n<\/div>","protected":false},"excerpt":{"rendered":"<p>\u00dcber uns Durch die Bereitstellung von Plattforml\u00f6sungen k\u00f6nnen Warenbewegungen und Prozesse in fast allen Branchen nachhaltig verbessert werden. Unsere nahtlose Integrationsf\u00e4higkeit, Flexibilit\u00e4t und Skalierbarkeit garantieren eine umfassende Anpassungsf\u00e4higkeit und f\u00fchren die Logistik in eine bahnbrechende Zukunft. Wir streben danach, die gr\u00f6\u00dfte Web-Plattform f\u00fcr Logistikdienstleistungen in Europa zu werden, die die Anforderungen regionaler und globaler Transportketten [&hellip;]<\/p>\n","protected":false},"author":1,"featured_media":2655,"parent":0,"menu_order":0,"comment_status":"closed","ping_status":"closed","template":"","meta":{"_acf_changed":false,"content-type":"","inline_featured_image":false,"footnotes":""},"class_list":["post-2324","page","type-page","status-publish","has-post-thumbnail","hentry"],"acf":[],"_links":{"self":[{"href":"https:\/\/dev.addhelix.com\/en\/wp-json\/wp\/v2\/pages\/2324","targetHints":{"allow":["GET"]}}],"collection":[{"href":"https:\/\/dev.addhelix.com\/en\/wp-json\/wp\/v2\/pages"}],"about":[{"href":"https:\/\/dev.addhelix.com\/en\/wp-json\/wp\/v2\/types\/page"}],"author":[{"embeddable":true,"href":"https:\/\/dev.addhelix.com\/en\/wp-json\/wp\/v2\/users\/1"}],"replies":[{"embeddable":true,"href":"https:\/\/dev.addhelix.com\/en\/wp-json\/wp\/v2\/comments?post=2324"}],"version-history":[{"count":43,"href":"https:\/\/dev.addhelix.com\/en\/wp-json\/wp\/v2\/pages\/2324\/revisions"}],"predecessor-version":[{"id":3803,"href":"https:\/\/dev.addhelix.com\/en\/wp-json\/wp\/v2\/pages\/2324\/revisions\/3803"}],"wp:featuredmedia":[{"embeddable":true,"href":"https:\/\/dev.addhelix.com\/en\/wp-json\/wp\/v2\/media\/2655"}],"wp:attachment":[{"href":"https:\/\/dev.addhelix.com\/en\/wp-json\/wp\/v2\/media?parent=2324"}],"curies":[{"name":"wp","href":"https:\/\/api.w.org\/{rel}","templated":true}]}}