{"id":3281,"date":"2024-09-09T16:34:08","date_gmt":"2024-09-09T16:34:08","guid":{"rendered":"https:\/\/dev.addhelix.com\/?page_id=3281"},"modified":"2025-07-17T13:01:14","modified_gmt":"2025-07-17T13:01:14","slug":"events-webcasts","status":"publish","type":"page","link":"https:\/\/dev.addhelix.com\/en\/events-webcasts\/","title":{"rendered":"Events &amp; Webcasts"},"content":{"rendered":"<div class=\"wp-block-cover alignfull\" style=\"min-height:25vw;aspect-ratio:unset;\"><span aria-hidden=\"true\" class=\"wp-block-cover__background has-sixth-background-color has-background-dim-20 has-background-dim\"><\/span><img loading=\"lazy\" decoding=\"async\" width=\"1536\" height=\"600\" src=\"https:\/\/dev.addhelix.com\/wp-content\/uploads\/2024\/09\/Webcast_Events_iSt_1164275607.png\" class=\"wp-block-cover__image-background wp-post-image\" alt=\"Webcast&amp;Events - addhelix\" data-object-fit=\"cover\" srcset=\"https:\/\/dev.addhelix.com\/wp-content\/uploads\/2024\/09\/Webcast_Events_iSt_1164275607.png 1536w, https:\/\/dev.addhelix.com\/wp-content\/uploads\/2024\/09\/Webcast_Events_iSt_1164275607-300x117.png 300w, https:\/\/dev.addhelix.com\/wp-content\/uploads\/2024\/09\/Webcast_Events_iSt_1164275607-1024x400.png 1024w, https:\/\/dev.addhelix.com\/wp-content\/uploads\/2024\/09\/Webcast_Events_iSt_1164275607-768x300.png 768w, https:\/\/dev.addhelix.com\/wp-content\/uploads\/2024\/09\/Webcast_Events_iSt_1164275607-18x7.png 18w\" sizes=\"auto, (max-width: 1536px) 100vw, 1536px\" \/><div class=\"wp-block-cover__inner-container is-layout-flow wp-block-cover-is-layout-flow\"><h1 class=\"has-text-align-center has-link-color wp-elements-8ad2f30048310261dbacf72256c7f0a4 wp-block-post-title has-text-color has-base-color\">Events &amp; Webcasts<\/h1><\/div><\/div>\n\n\n\n<div class=\"wp-block-group has-global-padding is-layout-constrained wp-block-group-is-layout-constrained\" style=\"margin-top:var(--wp--preset--spacing--80);margin-bottom:var(--wp--preset--spacing--80)\">\n<p class=\"has-large-font-size\">Hier finden Sie zuk\u00fcnftig alle wichtigen Termine und k\u00f6nnen im Anschluss <a href=\"https:\/\/dev.addhelix.com\/en\/webcast-mediathek\/\">die Aufnahmen unserer Webcasts<\/a> ansehen. Bleiben Sie informiert und verpassen Sie keine unserer spannenden Veranstaltungen! In unseren Webcasts zeigen wir Ihnen, wie unsere L\u00f6sungen in der Praxis funktionieren und wie sie angewendet werden k\u00f6nnen, um Ihre individuellen Anforderungen zu erf\u00fcllen.<\/p>\n<\/div>\n\n\n\n<div class=\"wp-block-group has-global-padding is-layout-constrained wp-block-group-is-layout-constrained\" style=\"margin-top:var(--wp--preset--spacing--80);margin-bottom:var(--wp--preset--spacing--80);padding-top:var(--wp--preset--spacing--80);padding-bottom:var(--wp--preset--spacing--80)\">\n<div class=\"wp-block-query is-layout-flow wp-block-query-is-layout-flow\">\n\n<div class=\"wp-block-query-no-results\">\n\n<p><strong>Webcasts demn\u00e4chst verf\u00fcgbar<\/strong><br>Neue Themen, frische Impulse \u2013 unsere n\u00e4chsten Webcasts sind in Planung. Bald hier verf\u00fcgbar!<br>Entdecken Sie auch unsere bisherigen <a href=\"https:\/\/dev.addhelix.com\/en\/webcast-mediathek\/\">Webcasts<\/a> \u2013 jetzt als Stream verf\u00fcgbar.<\/p>\n\n<\/div><\/div>\n<\/div>","protected":false},"excerpt":{"rendered":"<p>Hier finden Sie zuk\u00fcnftig alle wichtigen Termine und k\u00f6nnen im Anschluss die Aufnahmen unserer Webcasts ansehen. Bleiben Sie informiert und verpassen Sie keine unserer spannenden Veranstaltungen! In unseren Webcasts zeigen wir Ihnen, wie unsere L\u00f6sungen in der Praxis funktionieren und wie sie angewendet werden k\u00f6nnen, um Ihre individuellen Anforderungen zu erf\u00fcllen.<\/p>","protected":false},"author":1,"featured_media":3317,"parent":0,"menu_order":0,"comment_status":"closed","ping_status":"closed","template":"","meta":{"_acf_changed":false,"content-type":"","inline_featured_image":false,"footnotes":""},"class_list":["post-3281","page","type-page","status-publish","has-post-thumbnail","hentry"],"acf":[],"_links":{"self":[{"href":"https:\/\/dev.addhelix.com\/en\/wp-json\/wp\/v2\/pages\/3281","targetHints":{"allow":["GET"]}}],"collection":[{"href":"https:\/\/dev.addhelix.com\/en\/wp-json\/wp\/v2\/pages"}],"about":[{"href":"https:\/\/dev.addhelix.com\/en\/wp-json\/wp\/v2\/types\/page"}],"author":[{"embeddable":true,"href":"https:\/\/dev.addhelix.com\/en\/wp-json\/wp\/v2\/users\/1"}],"replies":[{"embeddable":true,"href":"https:\/\/dev.addhelix.com\/en\/wp-json\/wp\/v2\/comments?post=3281"}],"version-history":[{"count":14,"href":"https:\/\/dev.addhelix.com\/en\/wp-json\/wp\/v2\/pages\/3281\/revisions"}],"predecessor-version":[{"id":4664,"href":"https:\/\/dev.addhelix.com\/en\/wp-json\/wp\/v2\/pages\/3281\/revisions\/4664"}],"wp:featuredmedia":[{"embeddable":true,"href":"https:\/\/dev.addhelix.com\/en\/wp-json\/wp\/v2\/media\/3317"}],"wp:attachment":[{"href":"https:\/\/dev.addhelix.com\/en\/wp-json\/wp\/v2\/media?parent=3281"}],"curies":[{"name":"wp","href":"https:\/\/api.w.org\/{rel}","templated":true}]}}