{"id":3799,"date":"2025-01-16T10:25:13","date_gmt":"2025-01-16T10:25:13","guid":{"rendered":"https:\/\/dev.addhelix.com\/?page_id=3799"},"modified":"2025-08-01T14:40:25","modified_gmt":"2025-08-01T14:40:25","slug":"team","status":"publish","type":"page","link":"https:\/\/dev.addhelix.com\/en\/team\/","title":{"rendered":"Team"},"content":{"rendered":"<div class=\"wp-block-cover alignfull is-style-default has-base-color has-text-color has-link-color wp-elements-ebe88c9dc591db8a71b12612aaf11dba\" style=\"padding-top:var(--wp--preset--spacing--80);padding-bottom:var(--wp--preset--spacing--80);min-height:25vw;aspect-ratio:unset;\"><span aria-hidden=\"true\" class=\"wp-block-cover__background has-fifth-background-color has-background-dim\"><\/span><img loading=\"lazy\" decoding=\"async\" width=\"1536\" height=\"600\" src=\"https:\/\/dev.addhelix.com\/wp-content\/uploads\/2025\/01\/Teams_AHSite_Axians-0052.jpg\" class=\"wp-block-cover__image-background wp-post-image\" alt=\"Teams addhelix Axians Management\" data-object-fit=\"cover\" data-object-position=\"52% 0%\" style=\"object-position:52% 0%;\" srcset=\"https:\/\/dev.addhelix.com\/wp-content\/uploads\/2025\/01\/Teams_AHSite_Axians-0052.jpg 1536w, https:\/\/dev.addhelix.com\/wp-content\/uploads\/2025\/01\/Teams_AHSite_Axians-0052-300x117.jpg 300w, https:\/\/dev.addhelix.com\/wp-content\/uploads\/2025\/01\/Teams_AHSite_Axians-0052-1024x400.jpg 1024w, https:\/\/dev.addhelix.com\/wp-content\/uploads\/2025\/01\/Teams_AHSite_Axians-0052-768x300.jpg 768w, https:\/\/dev.addhelix.com\/wp-content\/uploads\/2025\/01\/Teams_AHSite_Axians-0052-18x7.jpg 18w\" sizes=\"auto, (max-width: 1536px) 100vw, 1536px\" \/><div class=\"wp-block-cover__inner-container is-layout-flow wp-block-cover-is-layout-flow\">\n<h1 class=\"wp-block-heading has-text-align-center has-base-color has-text-color has-link-color wp-elements-4d85db91c78995aaf20bc4ef200ba166\" id=\"h-unser-management\">Unser Management<\/h1>\n<\/div><\/div>\n\n\n\n<div class=\"wp-block-group has-global-padding is-layout-constrained wp-container-core-group-is-layout-2cb48cf1 wp-block-group-is-layout-constrained\" style=\"margin-top:var(--wp--preset--spacing--80);margin-bottom:var(--wp--preset--spacing--80)\">\n<p class=\"has-large-font-size\">Day after day, these people are committed to our customers. Whether it's the latest improvements to our software solutions or maintaining partnerships with our eco-partners, we do everything we can to offer you the best possible solution.<\/p>\n\n\n\n<div class=\"wp-block-group is-layout-grid wp-container-core-group-is-layout-c765d3c1 wp-block-group-is-layout-grid\">\n<div class=\"wp-block-group has-global-padding is-layout-constrained wp-container-core-group-is-layout-92b9201d wp-block-group-is-layout-constrained\">\n<figure class=\"wp-block-image size-large has-custom-border\"><img decoding=\"async\" src=\"https:\/\/lbase.software\/wp-content\/uploads\/Marcus-Eiser-scaled-1-1024x681.jpg\" alt=\"\" class=\"wp-image-918\" style=\"border-radius:0.5rem\"\/><\/figure>\n\n\n\n<div class=\"wp-block-group has-global-padding is-layout-constrained wp-container-core-group-is-layout-19e250f3 wp-block-group-is-layout-constrained\">\n<h3 class=\"wp-block-heading has-primary-color has-text-color has-link-color has-large-font-size wp-elements-32d4deb62fdaa8a073324863369674ef\" id=\"h-marcus-eiser\">Marcus Eiser<\/h3>\n\n\n\n<h3 class=\"wp-block-heading has-secondary-color has-text-color has-link-color has-small-font-size wp-elements-110672db2f61355acc7415ddd6fbec3e\" id=\"h-general-manager-business-unit\">General Manager Business Unit<\/h3>\n<\/div>\n\n\n\n<blockquote class=\"wp-block-quote is-layout-flow wp-block-quote-is-layout-flow\">\n<p>\"Our pioneering strategies and innovations sustainably improve your business processes.\"<\/p>\n<\/blockquote>\n<\/div>\n\n\n\n<div class=\"wp-block-group has-global-padding is-layout-constrained wp-container-core-group-is-layout-92b9201d wp-block-group-is-layout-constrained\">\n<figure class=\"wp-block-image size-large has-custom-border\"><img decoding=\"async\" src=\"https:\/\/lbase.software\/wp-content\/uploads\/Clemens-Wodak-1980x1318-1-1024x682.jpg\" alt=\"\" class=\"wp-image-920\" style=\"border-radius:0.5rem\"\/><\/figure>\n\n\n\n<div class=\"wp-block-group has-global-padding is-layout-constrained wp-container-core-group-is-layout-19e250f3 wp-block-group-is-layout-constrained\">\n<h3 class=\"wp-block-heading has-primary-color has-text-color has-link-color has-large-font-size wp-elements-e96b4521dd8d031ab173bd57076d0abc\" id=\"h-clemens-wodak\">Clemens Wodak<\/h3>\n\n\n\n<h4 class=\"wp-block-heading has-secondary-color has-text-color has-link-color has-small-font-size wp-elements-156a4073784cded36da380aa797e50a3\" id=\"h-deputy-general-manager-business-unit\">Deputy General Manager Business Unit<\/h4>\n<\/div>\n\n\n\n<blockquote class=\"wp-block-quote is-layout-flow wp-block-quote-is-layout-flow\">\n<p>\"By combining efficient processes, sustainable strategies and technical and legal expertise, we ensure your future-proof success.\"<\/p>\n<\/blockquote>\n<\/div>\n\n\n\n<div class=\"wp-block-group has-global-padding is-layout-constrained wp-container-core-group-is-layout-92b9201d wp-block-group-is-layout-constrained\">\n<figure class=\"wp-block-image size-large has-custom-border\"><img decoding=\"async\" src=\"https:\/\/lbase.software\/wp-content\/uploads\/Claus-Vogelmann-1980x1318-1-1024x682.jpg\" alt=\"\" class=\"wp-image-921\" style=\"border-radius:0.5rem\"\/><\/figure>\n\n\n\n<div class=\"wp-block-group has-global-padding is-layout-constrained wp-container-core-group-is-layout-19e250f3 wp-block-group-is-layout-constrained\">\n<h3 class=\"wp-block-heading has-primary-color has-text-color has-link-color has-large-font-size wp-elements-22c8a58bdc43af56696ddd836bd8ea99\" id=\"h-claus-vogelmann\">Claus Vogelmann<\/h3>\n\n\n\n<h4 class=\"wp-block-heading has-secondary-color has-text-color has-link-color has-small-font-size wp-elements-350af41ba0232ccfc59c9be1f53907e7\" id=\"h-strategic-development-manager\">Strategic Development Manager<\/h4>\n<\/div>\n\n\n\n<blockquote class=\"wp-block-quote is-layout-flow wp-block-quote-is-layout-flow\">\n<p>\"With lbase, you are always a truck length ahead of the competition.\"<\/p>\n<\/blockquote>\n<\/div>\n\n\n\n<div class=\"wp-block-group has-global-padding is-layout-constrained wp-container-core-group-is-layout-92b9201d wp-block-group-is-layout-constrained\">\n<figure class=\"wp-block-image size-large has-custom-border\"><img decoding=\"async\" src=\"https:\/\/lbase.software\/wp-content\/uploads\/Daniela-Bereiter-1980x1318-1-1024x682.jpg\" alt=\"\" class=\"wp-image-922\" style=\"border-radius:0.5rem\"\/><\/figure>\n\n\n\n<div class=\"wp-block-group has-global-padding is-layout-constrained wp-container-core-group-is-layout-19e250f3 wp-block-group-is-layout-constrained\">\n<h3 class=\"wp-block-heading has-primary-color has-text-color has-link-color has-large-font-size wp-elements-0055f432a606180193f81a066cb27794\" id=\"h-daniela-bereiter\">Daniela Bereiter<\/h3>\n\n\n\n<h4 class=\"wp-block-heading has-secondary-color has-text-color has-link-color has-small-font-size wp-elements-79b30b2294a105cf3a6f336dd677217c\" id=\"h-head-of-lbase-products\">Head of lbase Products<\/h4>\n<\/div>\n\n\n\n<blockquote class=\"wp-block-quote is-layout-flow wp-block-quote-is-layout-flow\">\n<p>\"With innovative and flexible products, we are driving digitalization and sparking enthusiasm.\"<\/p>\n<\/blockquote>\n<\/div>\n\n\n\n<div class=\"wp-block-group has-global-padding is-layout-constrained wp-container-core-group-is-layout-92b9201d wp-block-group-is-layout-constrained\">\n<figure class=\"wp-block-image size-large has-custom-border\"><img decoding=\"async\" src=\"https:\/\/lbase.software\/wp-content\/uploads\/Marlies_Portrait-1024x681.jpg\" alt=\"\" style=\"border-radius:0.5rem\"\/><\/figure>\n\n\n\n<div class=\"wp-block-group has-global-padding is-layout-constrained wp-container-core-group-is-layout-19e250f3 wp-block-group-is-layout-constrained\">\n<h3 class=\"wp-block-heading has-primary-color has-text-color has-link-color has-large-font-size wp-elements-3f88b26fdf6ecedbb718f7364560b783\" id=\"h-marlies-maennersdorfer\">Marlies Maennersdorfer<\/h3>\n\n\n\n<h4 class=\"wp-block-heading has-secondary-color has-text-color has-link-color has-small-font-size wp-elements-13a192ed0427e850c3d4026c088c33c6\" id=\"h-head-of-product-management\">Head of Product Management<\/h4>\n<\/div>\n\n\n\n<blockquote class=\"wp-block-quote is-layout-flow wp-block-quote-is-layout-flow\">\n<p>\"With creative innovations and continuous further development of our products, we offer you future-proof solutions that drive your success!\"<\/p>\n<\/blockquote>\n<\/div>\n\n\n\n<div class=\"wp-block-group has-global-padding is-layout-constrained wp-container-core-group-is-layout-92b9201d wp-block-group-is-layout-constrained\">\n<figure class=\"wp-block-image size-large has-custom-border\"><img decoding=\"async\" src=\"https:\/\/lbase.software\/wp-content\/uploads\/Christian_Oesterle-1980x1318-1-1024x682.jpg\" alt=\"\" class=\"wp-image-924\" style=\"border-radius:0.5rem\"\/><\/figure>\n\n\n\n<div class=\"wp-block-group has-global-padding is-layout-constrained wp-container-core-group-is-layout-19e250f3 wp-block-group-is-layout-constrained\">\n<h3 class=\"wp-block-heading has-primary-color has-text-color has-link-color has-large-font-size wp-elements-079ea56cfa69d22a3d34f9670e1f9c52\" id=\"h-christian-osterle\">Christian \u00d6sterle<\/h3>\n\n\n\n<h4 class=\"wp-block-heading has-secondary-color has-text-color has-link-color has-small-font-size wp-elements-73f681d8ee38ec23c52bdcfff429fb08\" id=\"h-head-of-addhelix-products\">Head of addHelix Products<\/h4>\n<\/div>\n\n\n\n<blockquote class=\"wp-block-quote is-layout-flow wp-block-quote-is-layout-flow\">\n<p>\"Our innovative cloud applications and web services take your existing software products to a whole new level.\"<\/p>\n<\/blockquote>\n<\/div>\n\n\n\n<div class=\"wp-block-group has-global-padding is-layout-constrained wp-container-core-group-is-layout-92b9201d wp-block-group-is-layout-constrained\">\n<figure class=\"wp-block-image size-large has-custom-border\"><img decoding=\"async\" src=\"https:\/\/lbase.software\/wp-content\/uploads\/Marc_Portrait-1024x681.jpg\" alt=\"\" style=\"border-radius:0.5rem\"\/><\/figure>\n\n\n\n<div class=\"wp-block-group has-global-padding is-layout-constrained wp-container-core-group-is-layout-19e250f3 wp-block-group-is-layout-constrained\">\n<h3 class=\"wp-block-heading has-primary-color has-text-color has-link-color has-large-font-size wp-elements-c388fdecc8fc7ad71210f84846b8b8b7\" id=\"h-marc-praschberger\">Marc Praschberger<\/h3>\n\n\n\n<h4 class=\"wp-block-heading has-secondary-color has-text-color has-link-color has-small-font-size wp-elements-eaf46474de37e77abe7f70f4dba186ca\" id=\"h-head-of-projects\">Head of Projects<\/h4>\n<\/div>\n\n\n\n<blockquote class=\"wp-block-quote is-layout-flow wp-block-quote-is-layout-flow\">\n<p>\"Through close cooperation and sound advice, we ensure that our projects are the key to a successful and long-term partnership.\"<\/p>\n<\/blockquote>\n<\/div>\n\n\n\n<div class=\"wp-block-group has-global-padding is-layout-constrained wp-container-core-group-is-layout-92b9201d wp-block-group-is-layout-constrained\">\n<figure class=\"wp-block-image size-large has-custom-border\"><img decoding=\"async\" src=\"https:\/\/lbase.software\/wp-content\/uploads\/Tobias_Team_Juli2025_Website_2560x1703-1024x681.jpg\" alt=\"\" style=\"border-radius:0.5rem\"\/><\/figure>\n\n\n\n<div class=\"wp-block-group has-global-padding is-layout-constrained wp-container-core-group-is-layout-19e250f3 wp-block-group-is-layout-constrained\">\n<h3 class=\"wp-block-heading has-primary-color has-text-color has-link-color has-large-font-size wp-elements-b483c088e78838f5a48de922525c3162\" id=\"h-tobias-hassler\">Tobias H\u00e4ssler<\/h3>\n\n\n\n<h4 class=\"wp-block-heading has-secondary-color has-text-color has-link-color has-small-font-size wp-elements-0b7a208c3cf1d25265f4144aefcb64cf\" id=\"h-head-of-sales\">Head of Sales<\/h4>\n<\/div>\n\n\n\n<blockquote class=\"wp-block-quote is-layout-flow wp-block-quote-is-layout-flow\">\n<p>\"We combine innovation with practice - because we know that digital logistics is only convincing if it makes companies more efficient and makes everyday life noticeably easier.\"<\/p>\n<\/blockquote>\n<\/div>\n<\/div>\n<\/div>","protected":false},"excerpt":{"rendered":"<p>Tag f\u00fcr Tag engagieren sich diese Menschen f\u00fcr unsere Kunden. Ob es um die neuesten Verbesserungen unserer Softwarel\u00f6sungen oder die Pflege der Partnerschaften mit unseren Eco-Partnern geht \u2013 wir tun alles, um Ihnen die bestm\u00f6gliche L\u00f6sung zu bieten. Marcus Eiser General Manager Business Unit &#8222;Unsere richtungsweisenden Strategien und Innovationen verbessern nachhaltig Ihre Gesch\u00e4ftsprozesse.&#8220; Clemens Wodak [&hellip;]<\/p>\n","protected":false},"author":1,"featured_media":3880,"parent":0,"menu_order":0,"comment_status":"closed","ping_status":"closed","template":"","meta":{"_acf_changed":false,"content-type":"","inline_featured_image":false,"footnotes":""},"class_list":["post-3799","page","type-page","status-publish","has-post-thumbnail","hentry"],"acf":[],"_links":{"self":[{"href":"https:\/\/dev.addhelix.com\/en\/wp-json\/wp\/v2\/pages\/3799","targetHints":{"allow":["GET"]}}],"collection":[{"href":"https:\/\/dev.addhelix.com\/en\/wp-json\/wp\/v2\/pages"}],"about":[{"href":"https:\/\/dev.addhelix.com\/en\/wp-json\/wp\/v2\/types\/page"}],"author":[{"embeddable":true,"href":"https:\/\/dev.addhelix.com\/en\/wp-json\/wp\/v2\/users\/1"}],"replies":[{"embeddable":true,"href":"https:\/\/dev.addhelix.com\/en\/wp-json\/wp\/v2\/comments?post=3799"}],"version-history":[{"count":5,"href":"https:\/\/dev.addhelix.com\/en\/wp-json\/wp\/v2\/pages\/3799\/revisions"}],"predecessor-version":[{"id":4709,"href":"https:\/\/dev.addhelix.com\/en\/wp-json\/wp\/v2\/pages\/3799\/revisions\/4709"}],"wp:featuredmedia":[{"embeddable":true,"href":"https:\/\/dev.addhelix.com\/en\/wp-json\/wp\/v2\/media\/3880"}],"wp:attachment":[{"href":"https:\/\/dev.addhelix.com\/en\/wp-json\/wp\/v2\/media?parent=3799"}],"curies":[{"name":"wp","href":"https:\/\/api.w.org\/{rel}","templated":true}]}}