{"id":3820,"date":"2025-01-16T08:20:42","date_gmt":"2025-01-16T08:20:42","guid":{"rendered":"https:\/\/dev.addhelix.com\/?page_id=3820"},"modified":"2025-03-05T09:18:35","modified_gmt":"2025-03-05T09:18:35","slug":"logistik-app","status":"publish","type":"page","link":"https:\/\/dev.addhelix.com\/en\/logistik-app\/","title":{"rendered":"Mobile"},"content":{"rendered":"<div class=\"wp-block-cover alignfull\" style=\"margin-top:0;margin-bottom:0;min-height:25vw;aspect-ratio:unset;\"><span aria-hidden=\"true\" class=\"wp-block-cover__background has-contrast-background-color has-background-dim-30 has-background-dim\"><\/span><img loading=\"lazy\" decoding=\"async\" width=\"2560\" height=\"1707\" src=\"https:\/\/dev.addhelix.com\/wp-content\/uploads\/2025\/01\/Mobile_AH_Wsite_FRP_94480698.jpg\" class=\"wp-block-cover__image-background wp-post-image\" alt=\"addHelix_Mobile cloud Solutions Axians\" data-object-fit=\"cover\" data-object-position=\"50% 65%\" style=\"object-position:50% 65%;\" srcset=\"https:\/\/dev.addhelix.com\/wp-content\/uploads\/2025\/01\/Mobile_AH_Wsite_FRP_94480698.jpg 2560w, https:\/\/dev.addhelix.com\/wp-content\/uploads\/2025\/01\/Mobile_AH_Wsite_FRP_94480698-300x200.jpg 300w, https:\/\/dev.addhelix.com\/wp-content\/uploads\/2025\/01\/Mobile_AH_Wsite_FRP_94480698-1024x683.jpg 1024w, https:\/\/dev.addhelix.com\/wp-content\/uploads\/2025\/01\/Mobile_AH_Wsite_FRP_94480698-768x512.jpg 768w, https:\/\/dev.addhelix.com\/wp-content\/uploads\/2025\/01\/Mobile_AH_Wsite_FRP_94480698-1536x1024.jpg 1536w, https:\/\/dev.addhelix.com\/wp-content\/uploads\/2025\/01\/Mobile_AH_Wsite_FRP_94480698-2048x1366.jpg 2048w, https:\/\/dev.addhelix.com\/wp-content\/uploads\/2025\/01\/Mobile_AH_Wsite_FRP_94480698-18x12.jpg 18w\" sizes=\"auto, (max-width: 2560px) 100vw, 2560px\" \/><div class=\"wp-block-cover__inner-container is-layout-flow wp-block-cover-is-layout-flow\">\n<div class=\"wp-block-group has-global-padding is-layout-constrained wp-container-core-group-is-layout-19e250f3 wp-block-group-is-layout-constrained\"><h1 class=\"has-text-align-center wp-block-post-title\">Mobile<\/h1>\n\n\n<p class=\"has-text-align-center has-xxx-large-font-size\">The logistics app for efficient route processing<\/p>\n<\/div>\n<\/div><\/div>\n\n\n\n<div class=\"wp-block-group has-global-padding is-layout-constrained wp-container-core-group-is-layout-7f44ac88 wp-block-group-is-layout-constrained\" style=\"margin-top:var(--wp--preset--spacing--80);margin-bottom:var(--wp--preset--spacing--80)\">\n<div class=\"wp-block-columns has-large-font-size is-layout-flex wp-container-core-columns-is-layout-eefed704 wp-block-columns-is-layout-flex\" style=\"margin-top:var(--wp--preset--spacing--50);margin-bottom:var(--wp--preset--spacing--50)\">\n<div class=\"wp-block-column is-layout-flow wp-block-column-is-layout-flow\">\n<p>addHelix Mobile makes the daily work of drivers easier by combining all information, communication and an overview of orders and their status in a mobile driver app.<\/p>\n\n\n\n<p><\/p>\n<\/div>\n\n\n\n<div class=\"wp-block-column is-layout-flow wp-block-column-is-layout-flow\">\n<p>Whether you are delivering parcels, collecting goods or working as a service technician, addHelix makes the process more efficient and organized. With the logistics app, you can complete your tasks quickly and reach your destination safely.<\/p>\n\n\n\n<p><\/p>\n<\/div>\n<\/div>\n<\/div>\n\n\n\n<div class=\"wp-block-group has-global-padding is-layout-constrained wp-block-group-is-layout-constrained\" style=\"margin-top:var(--wp--preset--spacing--80);margin-bottom:var(--wp--preset--spacing--80)\">\n<h2 class=\"wp-block-heading has-x-large-font-size\" id=\"h-vorteile\">Advantages<\/h2>\n\n\n\n<ul class=\"wp-block-list\">\n<li><strong>Efficient tour sequence:<\/strong>&nbsp;Keep an eye on your tours and add them via a link.<\/li>\n\n\n\n<li><strong>Real-time tracking:<\/strong>&nbsp;Track your journeys in real time and always stay up to date.<\/li>\n\n\n\n<li class=\"translation-block\"><strong>Order overview:<\/strong> Keep track of all orders and their status.<\/li>\n\n\n\n<li class=\"translation-block\"><strong>Scan function:<\/strong> Scan documents and barcodes directly with the app.<\/li>\n\n\n\n<li><strong>Offline capability:<\/strong> Daten bleiben auch ohne Empfang erhalten; die Touren k\u00f6nnen uneingeschr\u00e4nkt abgearbeitet werden.<\/li>\n\n\n\n<li><strong>Simple returns management:<\/strong>&nbsp;Simply report any damage with photos and comments so that action can be taken immediately.<\/li>\n\n\n\n<li><strong>GDPR compliance:<\/strong>&nbsp;Data is encrypted and secure in accordance with the GDPR.<\/li>\n\n\n\n<li><strong>And much more!<\/strong><\/li>\n<\/ul>\n<\/div>\n\n\n\n<div class=\"wp-block-group alignfull has-white-color has-custom-call-2-action-gradient-background has-text-color has-background has-link-color wp-elements-9577b829857185c158043e4f7acab28c has-global-padding is-layout-constrained wp-container-core-group-is-layout-4e246b45 wp-block-group-is-layout-constrained\" style=\"margin-top:0;margin-bottom:0;padding-top:var(--wp--preset--spacing--80);padding-bottom:var(--wp--preset--spacing--80);background-position:0% 48%;background-repeat:no-repeat;background-size:contain;\">\n<div class=\"wp-block-group has-global-padding is-layout-constrained wp-block-group-is-layout-constrained\" style=\"padding-top:0;padding-bottom:0\">\n<h2 class=\"wp-block-heading has-text-align-left\" id=\"h-warum-addhelix-mobile-als-fahrerapp\" style=\"margin-top:0;margin-bottom:0\"><strong>Why addHelix Mobile as a driver app?<\/strong><\/h2>\n<\/div>\n\n\n\n<div class=\"wp-block-columns is-layout-flex wp-container-core-columns-is-layout-a54e0cfc wp-block-columns-is-layout-flex\" style=\"padding-top:var(--wp--preset--spacing--60);padding-bottom:var(--wp--preset--spacing--60)\">\n<div class=\"wp-block-column is-layout-flow wp-block-column-is-layout-flow\">\n<h3 class=\"wp-block-heading has-text-align-left has-large-font-size\" id=\"h-intuitive-benutzeroberflache\"><strong><strong>Intuitive user interface<\/strong><\/strong><\/h3>\n\n\n\n<p class=\"has-text-align-left\">The addHelix app offers an intuitive user interface with a clear tour view and seamless real-time data integration. It is multilingual and takes breaks into account to make logistics tasks more efficient and organized.<\/p>\n<\/div>\n\n\n\n<div class=\"wp-block-column is-layout-flow wp-block-column-is-layout-flow\">\n<h3 class=\"wp-block-heading has-text-align-left has-large-font-size\" id=\"h-echtzeit-datenubermittlung\"><strong><strong>Real-time data transmission<\/strong><\/strong><\/h3>\n\n\n\n<p class=\"has-text-align-left\">Regardless of whether you need a signature or a photo to prove delivery: You no longer have to worry about this after the recording. The information is sent directly to the dispatcher without any annoying paperwork.<\/p>\n<\/div>\n\n\n\n<div class=\"wp-block-column is-layout-flow wp-block-column-is-layout-flow\">\n<h3 class=\"wp-block-heading has-text-align-left has-large-font-size\" id=\"h-schutz-ihrer-daten\"><strong><strong>Protection of your data<\/strong><\/strong><\/h3>\n\n\n\n<p class=\"has-text-align-left\">Privacy is our top priority. All information transmitted via our platform is encrypted and secure.  Tracking is automatically deactivated when you take a break or complete the tour. You can also deactivate it manually at any time.<\/p>\n<\/div>\n<\/div>\n<\/div>\n\n\n\n<div class=\"wp-block-group alignfull is-layout-flow wp-block-group-is-layout-flow has-background\" style=\"margin-top:0;margin-bottom:0;padding-top:var(--wp--preset--spacing--80);padding-bottom:var(--wp--preset--spacing--80);background-image:url(&apos;https:\/\/dev.addhelix.com\/wp-content\/uploads\/2024\/08\/Helix.png&apos;);background-position:0% 50%;background-repeat:no-repeat;background-size:contain;\">\n<div class=\"wp-block-group has-global-padding is-layout-constrained wp-container-core-group-is-layout-313b3798 wp-block-group-is-layout-constrained\" style=\"padding-top:0;padding-bottom:0\">\n<div class=\"wp-block-group has-global-padding is-layout-constrained wp-block-group-is-layout-constrained\">\n<div class=\"wp-block-group has-global-padding is-layout-constrained wp-container-core-group-is-layout-825ce3f2 wp-block-group-is-layout-constrained\" style=\"margin-top:var(--wp--preset--spacing--80);margin-bottom:var(--wp--preset--spacing--80)\">\n<h2 class=\"wp-block-heading has-text-align-center\" id=\"h-so-funktioniert-s\">How it works<\/h2>\n<\/div>\n\n\n\n<div class=\"wp-block-columns is-layout-flex wp-container-core-columns-is-layout-3d275aac wp-block-columns-is-layout-flex\" style=\"margin-top:var(--wp--preset--spacing--80);margin-bottom:var(--wp--preset--spacing--80)\">\n<div class=\"wp-block-column is-layout-flow wp-block-column-is-layout-flow\">\n<div class=\"wp-block-group has-global-padding is-layout-constrained wp-container-core-group-is-layout-80fb368b wp-block-group-is-layout-constrained\" style=\"min-height:100%;padding-top:var(--wp--preset--spacing--30);padding-right:var(--wp--preset--spacing--30);padding-bottom:var(--wp--preset--spacing--30);padding-left:var(--wp--preset--spacing--30)\">\n<figure class=\"wp-block-image size-full is-style-default\"><a href=\"https:\/\/dev.addhelix.com\/wp-content\/uploads\/2025\/01\/Screenshot1_EN.png\" data-rel=\"lightbox-image-0\" data-rl_title=\"\" data-rl_caption=\"\" title=\"\"><img loading=\"lazy\" decoding=\"async\" width=\"431\" height=\"888\" src=\"https:\/\/dev.addhelix.com\/wp-content\/uploads\/2025\/01\/Screenshot1_EN.png\" alt=\"\" class=\"wp-image-3822\" style=\"aspect-ratio:16\/9;object-fit:contain\" srcset=\"https:\/\/dev.addhelix.com\/wp-content\/uploads\/2025\/01\/Screenshot1_EN.png 431w, https:\/\/dev.addhelix.com\/wp-content\/uploads\/2025\/01\/Screenshot1_EN-146x300.png 146w, https:\/\/dev.addhelix.com\/wp-content\/uploads\/2025\/01\/Screenshot1_EN-6x12.png 6w\" sizes=\"auto, (max-width: 431px) 100vw, 431px\" \/><\/a><\/figure>\n\n\n\n<h3 class=\"wp-block-heading has-large-font-size\" id=\"h-touren-erhalten-und-gleich-loslegen\" style=\"line-height:1.2\">Receive tours and get started right away<\/h3>\n\n\n\n<p>Receive tasks from a dispatcher simply and easily via the driver app using a link, without having to register. The app automatically loads new tours so that you always have an overview of your tasks.<\/p>\n<\/div>\n<\/div>\n\n\n\n<div class=\"wp-block-column is-layout-flow wp-block-column-is-layout-flow\">\n<div class=\"wp-block-group has-global-padding is-layout-constrained wp-container-core-group-is-layout-80fb368b wp-block-group-is-layout-constrained\" style=\"min-height:100%;padding-top:var(--wp--preset--spacing--30);padding-right:var(--wp--preset--spacing--30);padding-bottom:var(--wp--preset--spacing--30);padding-left:var(--wp--preset--spacing--30)\">\n<figure class=\"wp-block-image size-full has-custom-border\"><a href=\"https:\/\/dev.addhelix.com\/wp-content\/uploads\/2025\/01\/Screenshot2_EN.png\" data-rel=\"lightbox-image-1\" data-rl_title=\"\" data-rl_caption=\"\" title=\"\"><img loading=\"lazy\" decoding=\"async\" width=\"431\" height=\"888\" src=\"https:\/\/dev.addhelix.com\/wp-content\/uploads\/2025\/01\/Screenshot2_EN.png\" alt=\"\" class=\"wp-image-3823\" style=\"border-style:none;border-width:0px;aspect-ratio:16\/9;object-fit:contain\" srcset=\"https:\/\/dev.addhelix.com\/wp-content\/uploads\/2025\/01\/Screenshot2_EN.png 431w, https:\/\/dev.addhelix.com\/wp-content\/uploads\/2025\/01\/Screenshot2_EN-146x300.png 146w, https:\/\/dev.addhelix.com\/wp-content\/uploads\/2025\/01\/Screenshot2_EN-6x12.png 6w\" sizes=\"auto, (max-width: 431px) 100vw, 431px\" \/><\/a><\/figure>\n\n\n\n<h3 class=\"wp-block-heading has-large-font-size\" id=\"h-schadensmeldung-per-knopfdruck\" style=\"line-height:1.2\">Damage report at the touch of a button<\/h3>\n\n\n\n<p>Has damage occurred or can the goods not be delivered? Simply report this and your dispatcher will be informed immediately and can react without having to make long phone calls.<\/p>\n<\/div>\n<\/div>\n\n\n\n<div class=\"wp-block-column is-layout-flow wp-block-column-is-layout-flow\">\n<div class=\"wp-block-group has-global-padding is-layout-constrained wp-container-core-group-is-layout-80fb368b wp-block-group-is-layout-constrained\" style=\"min-height:100%;padding-top:var(--wp--preset--spacing--30);padding-right:var(--wp--preset--spacing--30);padding-bottom:var(--wp--preset--spacing--30);padding-left:var(--wp--preset--spacing--30)\">\n<figure class=\"wp-block-image size-full has-custom-border\"><a href=\"https:\/\/dev.addhelix.com\/wp-content\/uploads\/2025\/01\/Screenshot3_EN.png\" data-rel=\"lightbox-image-2\" data-rl_title=\"\" data-rl_caption=\"\" title=\"\"><img loading=\"lazy\" decoding=\"async\" width=\"431\" height=\"888\" src=\"https:\/\/dev.addhelix.com\/wp-content\/uploads\/2025\/01\/Screenshot3_EN.png\" alt=\"\" class=\"wp-image-3824\" style=\"border-style:none;border-width:0px;aspect-ratio:16\/9;object-fit:contain\" srcset=\"https:\/\/dev.addhelix.com\/wp-content\/uploads\/2025\/01\/Screenshot3_EN.png 431w, https:\/\/dev.addhelix.com\/wp-content\/uploads\/2025\/01\/Screenshot3_EN-146x300.png 146w, https:\/\/dev.addhelix.com\/wp-content\/uploads\/2025\/01\/Screenshot3_EN-6x12.png 6w\" sizes=\"auto, (max-width: 431px) 100vw, 431px\" \/><\/a><\/figure>\n\n\n\n<h3 class=\"wp-block-heading has-large-font-size\" id=\"h-alle-infos-auf-einen-blick\" style=\"line-height:1.2\">All information at a glance<\/h3>\n\n\n\n<p>From delivery addresses to orders and packages - you have a clear and structured overview of your assigned tours and their progress. \u00a0No tedious searching for information!<\/p>\n<\/div>\n<\/div>\n<\/div>\n<\/div>\n<\/div>\n<\/div>\n\n\n\n<div class=\"wp-block-group alignfull has-white-color has-vivid-cyan-blue-to-vivid-purple-gradient-background has-text-color has-background has-link-color wp-elements-6e82b15ec152df6e143ac6c0d51d3478 has-global-padding is-layout-constrained wp-container-core-group-is-layout-08655630 wp-block-group-is-layout-constrained\" style=\"margin-top:0;margin-bottom:0;padding-top:var(--wp--preset--spacing--80);padding-bottom:var(--wp--preset--spacing--80);background-position:0% 48%;background-repeat:no-repeat;background-size:contain;\">\n<div class=\"wp-block-group has-global-padding is-layout-constrained wp-container-core-group-is-layout-121f5c54 wp-block-group-is-layout-constrained\" style=\"padding-top:var(--wp--preset--spacing--40);padding-bottom:var(--wp--preset--spacing--40)\">\n<h2 class=\"wp-block-heading has-text-align-left translation-block\" id=\"h-beispie-l-fur-die-logistik-app-im-einsatz\" style=\"margin-top:0;margin-bottom:0\"><strong>Example<\/strong> of the logistics app in use<\/h2>\n\n\n\n<p>As a driver, you can start using the logistics app immediately without registering by receiving tours via a link. Even without reception (e.g. in tunnels or when roaming is switched off), all data is retained so that you can complete your tours without restriction. Damage is simply reported with photos and comments. The real-time tracking function and GDPR-compliant data security ensure transparency and protection. The intuitive user interface gives you an overview of all orders and time slots and allows you to use photos and signatures for documentation.<\/p>\n<\/div>\n<\/div>\n\n\n\n<div class=\"wp-block-group alignfull is-layout-flow wp-block-group-is-layout-flow\" style=\"margin-top:var(--wp--preset--spacing--50);margin-bottom:var(--wp--preset--spacing--50);padding-top:var(--wp--preset--spacing--80);padding-bottom:var(--wp--preset--spacing--80)\">\n<div class=\"wp-block-group has-global-padding is-layout-constrained wp-block-group-is-layout-constrained\">\n<div class=\"wp-block-columns is-layout-flex wp-container-core-columns-is-layout-28f84493 wp-block-columns-is-layout-flex\">\n<div class=\"wp-block-column is-layout-flow wp-block-column-is-layout-flow\" style=\"flex-basis:50%\">\n<div class=\"wp-block-group has-global-padding is-layout-constrained wp-block-group-is-layout-constrained\">\n<h2 class=\"wp-block-heading has-text-align-left\" id=\"h-addhelix-mobile-in-kombination-mit-addhelix-road\" style=\"line-height:1.2\">addHelix Mobile in combination with addHelix Road <\/h2>\n\n\n\n<p>No matter what industry your company is in, our mobile logistics solutions work seamlessly together and offer the ideal companion for on the move. Thanks to the many functions and settings, you can tailor addHelix Mobile and addHelix Road precisely to your needs.<\/p>\n\n\n\n<p>Take factors such as traffic and delivery priorities into account and create the best possible routes. With our apps, you can even set specific restrictions to make your route planning even more efficient.<\/p>\n<\/div>\n<\/div>\n\n\n\n<div class=\"wp-block-column is-layout-flow wp-container-core-column-is-layout-9f77543f wp-block-column-is-layout-flow\" style=\"flex-basis:50%\">\n<figure class=\"wp-block-image size-large\"><img loading=\"lazy\" decoding=\"async\" width=\"1024\" height=\"683\" src=\"https:\/\/dev.addhelix.com\/wp-content\/uploads\/2025\/01\/AddHelix-Road-Fahrer-App-Mobile-Logistik-App-Tourenplanung-1024x683.jpg\" alt=\"\" class=\"wp-image-3947\" srcset=\"https:\/\/dev.addhelix.com\/wp-content\/uploads\/2025\/01\/AddHelix-Road-Fahrer-App-Mobile-Logistik-App-Tourenplanung-1024x683.jpg 1024w, https:\/\/dev.addhelix.com\/wp-content\/uploads\/2025\/01\/AddHelix-Road-Fahrer-App-Mobile-Logistik-App-Tourenplanung-300x200.jpg 300w, https:\/\/dev.addhelix.com\/wp-content\/uploads\/2025\/01\/AddHelix-Road-Fahrer-App-Mobile-Logistik-App-Tourenplanung-768x512.jpg 768w, https:\/\/dev.addhelix.com\/wp-content\/uploads\/2025\/01\/AddHelix-Road-Fahrer-App-Mobile-Logistik-App-Tourenplanung-1536x1024.jpg 1536w, https:\/\/dev.addhelix.com\/wp-content\/uploads\/2025\/01\/AddHelix-Road-Fahrer-App-Mobile-Logistik-App-Tourenplanung-2048x1365.jpg 2048w, https:\/\/dev.addhelix.com\/wp-content\/uploads\/2025\/01\/AddHelix-Road-Fahrer-App-Mobile-Logistik-App-Tourenplanung-18x12.jpg 18w\" sizes=\"auto, (max-width: 1024px) 100vw, 1024px\" \/><\/figure>\n<\/div>\n<\/div>\n<\/div>\n<\/div>\n\n\n\n<div class=\"wp-block-group alignfull has-base-color has-custom-call-2-action-gradient-background has-text-color has-background has-global-padding is-layout-constrained wp-container-core-group-is-layout-82fa407d wp-block-group-is-layout-constrained\" style=\"margin-top:0;margin-bottom:0;padding-top:var(--wp--preset--spacing--80);padding-right:var(--wp--preset--spacing--50);padding-bottom:var(--wp--preset--spacing--80);padding-left:var(--wp--preset--spacing--50)\">\n<div class=\"wp-block-group has-global-padding is-layout-constrained wp-container-core-group-is-layout-fac89d76 wp-block-group-is-layout-constrained\" style=\"padding-top:var(--wp--preset--spacing--80);padding-bottom:var(--wp--preset--spacing--80)\">\n<div class=\"wp-block-group has-global-padding is-layout-constrained wp-container-core-group-is-layout-19e250f3 wp-block-group-is-layout-constrained\">\n<p>Still unanswered questions?<\/p>\n\n\n\n<h2 class=\"wp-block-heading has-x-large-font-size\" id=\"h-mit-unseren-experten-kontakt-aufnehmen\">Get in touch with our experts<\/h2>\n<\/div>\n\n\n\n<p>Interested in our addHelix Mobile driver app or in combining it with the addHelix Road web application? Our dedicated team is always available to answer your questions and work with you to find the right solution for your requirements. We look forward to hearing from you!<\/p>\n\n\n\n<div class=\"wp-block-buttons is-layout-flex wp-block-buttons-is-layout-flex\">\n<div class=\"wp-block-button is-style-fill\" style=\"text-transform:uppercase\"><a class=\"wp-block-button__link has-secondary-color has-white-background-color has-text-color has-background wp-element-button\" href=\"https:\/\/dev.addhelix.com\/en\/kontakt\/\">Get in touch<\/a><\/div>\n<\/div>\n<\/div>\n<\/div>","protected":false},"excerpt":{"rendered":"<p>Mit addHelix Mobile wird der Arbeitsalltag von Fahrerinnen und Fahrer erleichtert, in dem in einer mobilen Fahrer-App alle Informationen, Kommunikation und \u00dcbersicht \u00fcber Auftr\u00e4ge und deren Status zusammengefasst werden. Egal, ob Sie Pakete ausliefern, Waren abholen oder als Servicetechniker unterwegs sind, addHelix gestaltet den Prozess effizienter und organisierter. Mit der Logistik-App k\u00f6nnen Sie Ihre Aufgaben [&hellip;]<\/p>\n","protected":false},"author":3,"featured_media":3821,"parent":0,"menu_order":0,"comment_status":"closed","ping_status":"closed","template":"","meta":{"_acf_changed":false,"content-type":"","inline_featured_image":false,"footnotes":""},"class_list":["post-3820","page","type-page","status-publish","has-post-thumbnail","hentry"],"acf":[],"_links":{"self":[{"href":"https:\/\/dev.addhelix.com\/en\/wp-json\/wp\/v2\/pages\/3820","targetHints":{"allow":["GET"]}}],"collection":[{"href":"https:\/\/dev.addhelix.com\/en\/wp-json\/wp\/v2\/pages"}],"about":[{"href":"https:\/\/dev.addhelix.com\/en\/wp-json\/wp\/v2\/types\/page"}],"author":[{"embeddable":true,"href":"https:\/\/dev.addhelix.com\/en\/wp-json\/wp\/v2\/users\/3"}],"replies":[{"embeddable":true,"href":"https:\/\/dev.addhelix.com\/en\/wp-json\/wp\/v2\/comments?post=3820"}],"version-history":[{"count":32,"href":"https:\/\/dev.addhelix.com\/en\/wp-json\/wp\/v2\/pages\/3820\/revisions"}],"predecessor-version":[{"id":4097,"href":"https:\/\/dev.addhelix.com\/en\/wp-json\/wp\/v2\/pages\/3820\/revisions\/4097"}],"wp:featuredmedia":[{"embeddable":true,"href":"https:\/\/dev.addhelix.com\/en\/wp-json\/wp\/v2\/media\/3821"}],"wp:attachment":[{"href":"https:\/\/dev.addhelix.com\/en\/wp-json\/wp\/v2\/media?parent=3820"}],"curies":[{"name":"wp","href":"https:\/\/api.w.org\/{rel}","templated":true}]}}