{"id":4674,"date":"2025-07-24T06:57:15","date_gmt":"2025-07-24T06:57:15","guid":{"rendered":"https:\/\/dev.addhelix.com\/?page_id=4674"},"modified":"2025-07-30T07:43:27","modified_gmt":"2025-07-30T07:43:27","slug":"real-time","status":"publish","type":"page","link":"https:\/\/dev.addhelix.com\/en\/real-time\/","title":{"rendered":"Real-Time"},"content":{"rendered":"<div class=\"wp-block-cover alignfull\" style=\"margin-top:0;margin-bottom:0;min-height:25vw;aspect-ratio:unset;\"><span aria-hidden=\"true\" class=\"wp-block-cover__background has-contrast-background-color has-background-dim\"><\/span><img loading=\"lazy\" decoding=\"async\" width=\"2560\" height=\"1707\" src=\"https:\/\/dev.addhelix.com\/wp-content\/uploads\/2025\/07\/iStock-1208806821-scaled.jpg\" class=\"wp-block-cover__image-background wp-post-image\" alt=\"\" data-object-fit=\"cover\" data-object-position=\"25% 44%\" style=\"object-position:25% 44%;\" srcset=\"https:\/\/dev.addhelix.com\/wp-content\/uploads\/2025\/07\/iStock-1208806821-scaled.jpg 2560w, https:\/\/dev.addhelix.com\/wp-content\/uploads\/2025\/07\/iStock-1208806821-300x200.jpg 300w, https:\/\/dev.addhelix.com\/wp-content\/uploads\/2025\/07\/iStock-1208806821-1024x683.jpg 1024w, https:\/\/dev.addhelix.com\/wp-content\/uploads\/2025\/07\/iStock-1208806821-768x512.jpg 768w, https:\/\/dev.addhelix.com\/wp-content\/uploads\/2025\/07\/iStock-1208806821-1536x1024.jpg 1536w, https:\/\/dev.addhelix.com\/wp-content\/uploads\/2025\/07\/iStock-1208806821-2048x1365.jpg 2048w, https:\/\/dev.addhelix.com\/wp-content\/uploads\/2025\/07\/iStock-1208806821-18x12.jpg 18w\" sizes=\"auto, (max-width: 2560px) 100vw, 2560px\" \/><div class=\"wp-block-cover__inner-container is-layout-flow wp-block-cover-is-layout-flow\">\n<div class=\"wp-block-group has-global-padding is-layout-constrained wp-container-core-group-is-layout-19e250f3 wp-block-group-is-layout-constrained\"><h1 class=\"has-text-align-center wp-block-post-title\">Real-Time<\/h1><\/div>\n<\/div><\/div>\n\n\n\n<div class=\"wp-block-group has-global-padding is-layout-constrained wp-container-core-group-is-layout-7f44ac88 wp-block-group-is-layout-constrained\" style=\"margin-top:var(--wp--preset--spacing--80);margin-bottom:var(--wp--preset--spacing--80)\">\n<div class=\"wp-block-columns has-large-font-size is-layout-flex wp-container-core-columns-is-layout-eefed704 wp-block-columns-is-layout-flex\" style=\"margin-top:var(--wp--preset--spacing--50);margin-bottom:var(--wp--preset--spacing--50)\">\n<div class=\"wp-block-column is-layout-flow wp-block-column-is-layout-flow\">\n<p>The demands placed on logistics service providers are increasing \u2013 especially with regard to transparency.<br>Intelligent solutions are needed in the background to provide the required shipment status: live tracking with exact location display, reliable ETA information and central access to digital documents and signatures.<\/p>\n<\/div>\n\n\n\n<div class=\"wp-block-column is-layout-flow wp-block-column-is-layout-flow\">\n<p>addHelix offers a reliable solution for this with the \u2018Real-Time\u2019 cloud application - combined with a dynamic pricing model where you only pay for what you actually use.<\/p>\n\n\n\n<p>Track your journeys, vehicles and deliveries and increase your customer satisfaction in a targeted manner.<\/p>\n<\/div>\n<\/div>\n<\/div>\n\n\n\n<div class=\"wp-block-group alignfull has-white-color has-custom-call-2-action-gradient-background has-text-color has-background has-link-color wp-elements-ccc96a20c9d15555179e73006faa1a03 has-global-padding is-layout-constrained wp-container-core-group-is-layout-4e246b45 wp-block-group-is-layout-constrained\" style=\"margin-top:0;margin-bottom:0;padding-top:var(--wp--preset--spacing--80);padding-bottom:var(--wp--preset--spacing--80);background-position:0% 48%;background-repeat:no-repeat;background-size:contain;\">\n<div class=\"wp-block-group has-global-padding is-layout-constrained wp-block-group-is-layout-constrained\" style=\"padding-top:0;padding-bottom:0\">\n<h2 class=\"wp-block-heading has-text-align-left\" id=\"h-warum-addhelix-fur-ihr-live-tracking\" style=\"margin-top:0;margin-bottom:0\"><strong>Why addHelix for your live tracking?<\/strong><\/h2>\n<\/div>\n\n\n\n<div class=\"wp-block-columns is-layout-flex wp-container-core-columns-is-layout-a580cbad wp-block-columns-is-layout-flex\" style=\"padding-top:var(--wp--preset--spacing--60);padding-bottom:var(--wp--preset--spacing--60)\">\n<div class=\"wp-block-column is-layout-flow wp-block-column-is-layout-flow\">\n<h3 class=\"wp-block-heading has-text-align-left has-large-font-size\" id=\"h-volle-transparenz\"><strong><strong>Full transparency<\/strong><\/strong><\/h3>\n\n\n\n<p class=\"has-text-align-left\">addHelix recognises the challenges and day-to-day work of logistics companies and offers targeted solutions such as detailed live tracking. The \u2018Real-Time\u2019 cloud application provides precise information and ensures reliable traceability.<\/p>\n<\/div>\n\n\n\n<div class=\"wp-block-column is-layout-flow wp-block-column-is-layout-flow\">\n<h3 class=\"wp-block-heading has-text-align-left has-large-font-size\" id=\"h-weniger-aufwand\"><strong><strong>Less effort<\/strong><\/strong><\/h3>\n\n\n\n<p class=\"has-text-align-left\">The user-friendly application allows you and your customers to keep track of the current shipment status at all times. All relevant transport data is transferred automatically and completely cloud-based to your lbase system. <\/p>\n<\/div>\n\n\n\n<div class=\"wp-block-column is-layout-flow wp-block-column-is-layout-flow\">\n<h3 class=\"wp-block-heading has-text-align-left has-large-font-size\" id=\"h-hohere-kundenzufriedenheit\"><strong><strong>Increased customer satisfaction<\/strong><\/strong><\/h3>\n\n\n\n<p class=\"has-text-align-left\">ETA, current status, signatures and documents for quality assurance and complaints are available centrally and can be called up at any time. This means that your customers are always informed and receive all important information about the delivery process at an early stage.<\/p>\n<\/div>\n<\/div>\n<\/div>\n\n\n\n<div class=\"wp-block-cover alignfull is-light\" style=\"margin-top:0;margin-bottom:0;min-height:50vh;aspect-ratio:unset;\"><img loading=\"lazy\" decoding=\"async\" width=\"1024\" height=\"576\" class=\"wp-block-cover__image-background wp-image-4696 size-large\" alt=\"\" src=\"https:\/\/dev.addhelix.com\/wp-content\/uploads\/2025\/07\/real-time-cloud-applikation-echtzeit-tracking-logistik-addhelix-1024x576.jpg\" style=\"object-position:50% 0%\" data-object-fit=\"cover\" data-object-position=\"50% 0%\" srcset=\"https:\/\/dev.addhelix.com\/wp-content\/uploads\/2025\/07\/real-time-cloud-applikation-echtzeit-tracking-logistik-addhelix-1024x576.jpg 1024w, https:\/\/dev.addhelix.com\/wp-content\/uploads\/2025\/07\/real-time-cloud-applikation-echtzeit-tracking-logistik-addhelix-300x169.jpg 300w, https:\/\/dev.addhelix.com\/wp-content\/uploads\/2025\/07\/real-time-cloud-applikation-echtzeit-tracking-logistik-addhelix-768x432.jpg 768w, https:\/\/dev.addhelix.com\/wp-content\/uploads\/2025\/07\/real-time-cloud-applikation-echtzeit-tracking-logistik-addhelix-1536x864.jpg 1536w, https:\/\/dev.addhelix.com\/wp-content\/uploads\/2025\/07\/real-time-cloud-applikation-echtzeit-tracking-logistik-addhelix-2048x1152.jpg 2048w, https:\/\/dev.addhelix.com\/wp-content\/uploads\/2025\/07\/real-time-cloud-applikation-echtzeit-tracking-logistik-addhelix-18x10.jpg 18w\" sizes=\"auto, (max-width: 1024px) 100vw, 1024px\" \/><span aria-hidden=\"true\" class=\"wp-block-cover__background has-background-dim-0 has-background-dim\" style=\"background-color:#929eb7\"><\/span><div class=\"wp-block-cover__inner-container has-global-padding is-layout-constrained wp-block-cover-is-layout-constrained\">\n<p class=\"has-text-align-center has-large-font-size\"><\/p>\n<\/div><\/div>\n\n\n\n<div class=\"wp-block-group alignfull is-layout-flow wp-block-group-is-layout-flow\" style=\"margin-top:var(--wp--preset--spacing--50);margin-bottom:var(--wp--preset--spacing--50);padding-top:var(--wp--preset--spacing--80);padding-bottom:var(--wp--preset--spacing--80)\">\n<div class=\"wp-block-group has-global-padding is-layout-constrained wp-block-group-is-layout-constrained\">\n<div class=\"wp-block-columns is-layout-flex wp-container-core-columns-is-layout-cf05694f wp-block-columns-is-layout-flex\">\n<div class=\"wp-block-column is-layout-flow wp-block-column-is-layout-flow\" style=\"flex-basis:50%\">\n<div class=\"wp-block-group has-global-padding is-layout-constrained wp-block-group-is-layout-constrained\">\n<h2 class=\"wp-block-heading has-text-align-left\" id=\"h-echtzeit-tracking-mit-dynamischen-preismodell\" style=\"line-height:1.2\">Real-time tracking with dynamic pricing model<\/h2>\n<\/div>\n\n\n\n<p>Logistics companies face the challenge of communicating the status of deliveries, vehicles and drivers in real time. A lack of transparency leads to delays and dissatisfied customers. The cloud application \u2018Real-Time\u2019 from addHelix offers a flexible solution here - with a dynamic pricing model from just \u20ac 0.60 \/ asset.<\/p>\n<\/div>\n\n\n\n<div class=\"wp-block-column is-layout-flow wp-container-core-column-is-layout-9f77543f wp-block-column-is-layout-flow\" style=\"flex-basis:50%\">\n<figure class=\"wp-block-image size-full has-custom-border\"><img loading=\"lazy\" decoding=\"async\" width=\"2560\" height=\"1487\" src=\"https:\/\/dev.addhelix.com\/wp-content\/uploads\/2025\/07\/iStock-544732096-scaled.jpg\" alt=\"\" class=\"wp-image-4684\" style=\"border-radius:1rem\" srcset=\"https:\/\/dev.addhelix.com\/wp-content\/uploads\/2025\/07\/iStock-544732096-scaled.jpg 2560w, https:\/\/dev.addhelix.com\/wp-content\/uploads\/2025\/07\/iStock-544732096-300x174.jpg 300w, https:\/\/dev.addhelix.com\/wp-content\/uploads\/2025\/07\/iStock-544732096-1024x595.jpg 1024w, https:\/\/dev.addhelix.com\/wp-content\/uploads\/2025\/07\/iStock-544732096-768x446.jpg 768w, https:\/\/dev.addhelix.com\/wp-content\/uploads\/2025\/07\/iStock-544732096-1536x892.jpg 1536w, https:\/\/dev.addhelix.com\/wp-content\/uploads\/2025\/07\/iStock-544732096-2048x1189.jpg 2048w, https:\/\/dev.addhelix.com\/wp-content\/uploads\/2025\/07\/iStock-544732096-18x10.jpg 18w\" sizes=\"auto, (max-width: 2560px) 100vw, 2560px\" \/><\/figure>\n<\/div>\n<\/div>\n<\/div>\n<\/div>\n\n\n\n<div class=\"wp-block-group alignfull has-base-color has-custom-call-2-action-gradient-background has-text-color has-background has-global-padding is-layout-constrained wp-container-core-group-is-layout-82fa407d wp-block-group-is-layout-constrained\" style=\"margin-top:0;margin-bottom:0;padding-top:var(--wp--preset--spacing--80);padding-right:var(--wp--preset--spacing--50);padding-bottom:var(--wp--preset--spacing--80);padding-left:var(--wp--preset--spacing--50)\">\n<div class=\"wp-block-group has-global-padding is-layout-constrained wp-container-core-group-is-layout-fac89d76 wp-block-group-is-layout-constrained\" style=\"padding-top:var(--wp--preset--spacing--80);padding-bottom:var(--wp--preset--spacing--80)\">\n<div class=\"wp-block-group has-global-padding is-layout-constrained wp-container-core-group-is-layout-19e250f3 wp-block-group-is-layout-constrained\">\n<p>Still unanswered questions?<\/p>\n\n\n\n<h2 class=\"wp-block-heading has-x-large-font-size\" id=\"h-mit-unseren-experten-kontakt-aufnehmen\">Get in touch with our experts<\/h2>\n<\/div>\n\n\n\n<p>Interested in our solution for intelligent real-time tracking? Our dedicated team is always available to answer your questions and work with you to find the right solution for your requirements. We look forward to hearing from you!<\/p>\n\n\n\n<div class=\"wp-block-buttons is-layout-flex wp-block-buttons-is-layout-flex\">\n<div class=\"wp-block-button is-style-fill\"><a class=\"wp-block-button__link has-secondary-color has-white-background-color has-text-color has-background wp-element-button\" href=\"https:\/\/dev.addhelix.com\/en\/kontakt\/\" style=\"text-transform:uppercase\">Get in touch<\/a><\/div>\n<\/div>\n<\/div>\n<\/div>","protected":false},"excerpt":{"rendered":"<p>Die Anforderungen an Logistikdienstleister steigen \u2013 besonders im Hinblick auf Transparenz.F\u00fcr den geforderten Sendungsstatus braucht es im Hintergrund intelligente L\u00f6sungen: Live-Tracking mit exakter Standortanzeige, verl\u00e4ssliche ETA-Angaben sowie den zentralen Zugriff auf digitale Dokumente und Unterschriften. addHelix bietet daf\u00fcr mit der Cloud-Applikation \u201eReal-Time\u201c eine zuverl\u00e4ssige L\u00f6sung \u2013 kombiniert mit einem dynamischen Preismodell, bei dem Sie nur [&hellip;]<\/p>\n","protected":false},"author":1,"featured_media":4685,"parent":0,"menu_order":0,"comment_status":"closed","ping_status":"closed","template":"","meta":{"_acf_changed":false,"content-type":"","inline_featured_image":false,"footnotes":""},"class_list":["post-4674","page","type-page","status-publish","has-post-thumbnail","hentry"],"acf":[],"_links":{"self":[{"href":"https:\/\/dev.addhelix.com\/en\/wp-json\/wp\/v2\/pages\/4674","targetHints":{"allow":["GET"]}}],"collection":[{"href":"https:\/\/dev.addhelix.com\/en\/wp-json\/wp\/v2\/pages"}],"about":[{"href":"https:\/\/dev.addhelix.com\/en\/wp-json\/wp\/v2\/types\/page"}],"author":[{"embeddable":true,"href":"https:\/\/dev.addhelix.com\/en\/wp-json\/wp\/v2\/users\/1"}],"replies":[{"embeddable":true,"href":"https:\/\/dev.addhelix.com\/en\/wp-json\/wp\/v2\/comments?post=4674"}],"version-history":[{"count":8,"href":"https:\/\/dev.addhelix.com\/en\/wp-json\/wp\/v2\/pages\/4674\/revisions"}],"predecessor-version":[{"id":4706,"href":"https:\/\/dev.addhelix.com\/en\/wp-json\/wp\/v2\/pages\/4674\/revisions\/4706"}],"wp:featuredmedia":[{"embeddable":true,"href":"https:\/\/dev.addhelix.com\/en\/wp-json\/wp\/v2\/media\/4685"}],"wp:attachment":[{"href":"https:\/\/dev.addhelix.com\/en\/wp-json\/wp\/v2\/media?parent=4674"}],"curies":[{"name":"wp","href":"https:\/\/api.w.org\/{rel}","templated":true}]}}