{"id":600,"date":"2023-09-07T07:39:22","date_gmt":"2023-09-07T07:39:22","guid":{"rendered":"http:\/\/wordpress.p646551.webspaceconfig.de\/?page_id=600"},"modified":"2025-01-17T09:46:32","modified_gmt":"2025-01-17T09:46:32","slug":"servicetechniker","status":"publish","type":"page","link":"https:\/\/dev.addhelix.com\/en\/servicetechniker\/","title":{"rendered":"For scheduling the field service"},"content":{"rendered":"<div class=\"wp-block-cover alignfull\" style=\"min-height:25vw;aspect-ratio:unset;\"><span aria-hidden=\"true\" class=\"wp-block-cover__background has-fifth-background-color has-background-dim-40 has-background-dim\"><\/span><img loading=\"lazy\" decoding=\"async\" width=\"2560\" height=\"1707\" src=\"https:\/\/dev.addhelix.com\/wp-content\/uploads\/2023\/09\/Service_Techniker_iStock-929212534-scaled.jpg\" class=\"wp-block-cover__image-background wp-post-image\" alt=\"\" data-object-fit=\"cover\" data-object-position=\"56% 18%\" style=\"object-position:56% 18%;\" srcset=\"https:\/\/dev.addhelix.com\/wp-content\/uploads\/2023\/09\/Service_Techniker_iStock-929212534-scaled.jpg 2560w, https:\/\/dev.addhelix.com\/wp-content\/uploads\/2023\/09\/Service_Techniker_iStock-929212534-300x200.jpg 300w, https:\/\/dev.addhelix.com\/wp-content\/uploads\/2023\/09\/Service_Techniker_iStock-929212534-1024x683.jpg 1024w, https:\/\/dev.addhelix.com\/wp-content\/uploads\/2023\/09\/Service_Techniker_iStock-929212534-768x512.jpg 768w, https:\/\/dev.addhelix.com\/wp-content\/uploads\/2023\/09\/Service_Techniker_iStock-929212534-1536x1024.jpg 1536w, https:\/\/dev.addhelix.com\/wp-content\/uploads\/2023\/09\/Service_Techniker_iStock-929212534-2048x1365.jpg 2048w\" sizes=\"auto, (max-width: 2560px) 100vw, 2560px\" \/><div class=\"wp-block-cover__inner-container is-layout-flow wp-block-cover-is-layout-flow\"><h1 class=\"has-text-align-center wp-block-post-title\">For scheduling the field service<\/h1><\/div><\/div>\n\n\n\n<div class=\"wp-block-group has-global-padding is-layout-constrained wp-block-group-is-layout-constrained\" style=\"padding-top:var(--wp--preset--spacing--80);padding-bottom:var(--wp--preset--spacing--80)\">\n<div class=\"wp-block-columns are-vertically-aligned-top has-large-font-size is-layout-flex wp-container-core-columns-is-layout-cf05694f wp-block-columns-is-layout-flex\">\n<div class=\"wp-block-column is-vertically-aligned-top is-layout-flow wp-block-column-is-layout-flow\">\n<p>In today's fast-paced business world, on-time service orders are critical. <\/p>\n\n\n\n<p>Our online solutions from addHelix, developed by Axians ICT Austria, are designed to help you plan your resources in a targeted manner and reliably meet deadlines, regardless of the challenges you face.<\/p>\n<\/div>\n\n\n\n<div class=\"wp-block-column is-vertically-aligned-top is-layout-flow wp-block-column-is-layout-flow\">\n<p>With simple zone mapping, prioritization of orders and automated message dispatch, the web solutions from addHelix enable you to achieve a particularly good service level for high customer satisfaction.<\/p>\n\n\n\n<p>Our web solution for shift planning is versatile and ideal for companies in various sectors, whether in the care service, for service assignments by technicians or in the field.<\/p>\n<\/div>\n<\/div>\n<\/div>\n\n\n\n<div class=\"wp-block-group alignfull has-base-color has-vivid-cyan-blue-to-vivid-purple-gradient-background has-text-color has-background is-layout-flow wp-block-group-is-layout-flow\" style=\"padding-top:var(--wp--preset--spacing--80);padding-bottom:var(--wp--preset--spacing--80)\">\n<div class=\"wp-block-group has-global-padding is-layout-constrained wp-container-core-group-is-layout-fac89d76 wp-block-group-is-layout-constrained\" style=\"padding-top:var(--wp--preset--spacing--80);padding-bottom:var(--wp--preset--spacing--80)\">\n<div class=\"wp-block-group has-global-padding is-layout-constrained wp-container-core-group-is-layout-19e250f3 wp-block-group-is-layout-constrained\">\n<h2 class=\"wp-block-heading has-text-align-center has-xx-large-font-size\" id=\"h-addhelix-fur-effziente-einsatzplanung-und-echzeit-kontrolle\">addHelix f\u00fcr effziente Einsatzplanung und Echzeit-Kontrolle<\/h2>\n<\/div>\n\n\n\n<div class=\"wp-block-columns is-layout-flex wp-container-core-columns-is-layout-cf05694f wp-block-columns-is-layout-flex\">\n<div class=\"wp-block-column is-layout-flow wp-block-column-is-layout-flow\">\n<p>addHelix is your reliable partner for optimized route planning.<\/p>\n\n\n\n<p>We offer advanced ETA forecast technology and a powerful route planner for the field service. <\/p>\n\n\n\n<p>With addHelix, you can simply enter addresses and the software automatically checks the address quality to send your employees to the right location.<\/p>\n<\/div>\n\n\n\n<div class=\"wp-block-column is-layout-flow wp-block-column-is-layout-flow\">\n<p>You can then plan jobs that are tailored to the vehicles and qualifications of your specialists. <\/p>\n\n\n\n<p>With our Tour Optimization and Tour Sequencing you can also easily manage many stops.<\/p>\n\n\n\n<p>Our web-based solutions also enable you to react quickly to new requirements.<\/p>\n<\/div>\n\n\n\n<div class=\"wp-block-column is-layout-flow wp-block-column-is-layout-flow\">\n<p>Want to change your route at short notice? Thanks to real-time location tracking and easy rescheduling of stops, the route is recalculated in seconds and communicated to your field staff. <\/p>\n\n\n\n<p>This increases customer satisfaction and keeps costs low, even in exceptional situations.<\/p>\n<\/div>\n<\/div>\n\n\n\n<div class=\"wp-block-buttons is-layout-flex wp-block-buttons-is-layout-flex\">\n<div class=\"wp-block-button is-style-fill\"><a class=\"wp-block-button__link has-primary-color has-base-background-color has-text-color has-background has-link-color wp-element-button\" href=\"https:\/\/dev.addhelix.com\/en\/loslegen\/\">Get in touch with us!<\/a><\/div>\n<\/div>\n<\/div>\n<\/div>\n\n\n\n<div class=\"wp-block-cover alignfull is-light has-parallax has-white-color has-text-color\" style=\"margin-top:0;margin-bottom:0;min-height:50vh;aspect-ratio:unset;\"><span aria-hidden=\"true\" class=\"wp-block-cover__background has-background-dim\"><\/span><div class=\"wp-block-cover__image-background wp-image-1365 has-parallax\" style=\"background-position:50% 50%;background-image:url(https:\/\/dev.addhelix.com\/wp-content\/uploads\/2023\/09\/addHelix-Routenplaner-Smartphone-App-Logistikplanung-scaled.jpg)\"><\/div><div class=\"wp-block-cover__inner-container is-layout-flow wp-block-cover-is-layout-flow\">\n<p class=\"has-text-align-center has-large-font-size\"><\/p>\n<\/div><\/div>\n\n\n\n<div class=\"wp-block-group alignfull has-global-padding is-layout-constrained wp-container-core-group-is-layout-51f92bee wp-block-group-is-layout-constrained has-background\" style=\"margin-top:var(--wp--preset--spacing--80);margin-bottom:var(--wp--preset--spacing--80);padding-top:var(--wp--preset--spacing--80);padding-bottom:var(--wp--preset--spacing--80);background-image:url(&apos;https:\/\/dev.addhelix.com\/wp-content\/uploads\/2024\/08\/Helix.png&apos;);background-position:0% 50%;background-repeat:no-repeat;background-size:contain;\">\n<div class=\"wp-block-group has-global-padding is-layout-constrained wp-block-group-is-layout-constrained\">\n<h2 class=\"wp-block-heading has-text-align-center\" id=\"h-warum-addhelix-fur-die-touren-und-einsatzplanung\" style=\"margin-top:0;margin-bottom:0\">Why addHelix for route and deployment planning?<\/h2>\n<\/div>\n\n\n\n<div class=\"wp-block-columns is-layout-flex wp-container-core-columns-is-layout-28f84493 wp-block-columns-is-layout-flex\">\n<div class=\"wp-block-column is-layout-flow wp-block-column-is-layout-flow\" style=\"padding-top:var(--wp--preset--spacing--80);padding-right:var(--wp--preset--spacing--30);padding-bottom:var(--wp--preset--spacing--80);padding-left:var(--wp--preset--spacing--30)\">\n<div class=\"wp-block-group has-global-padding is-layout-constrained wp-container-core-group-is-layout-639b5052 wp-block-group-is-layout-constrained\" style=\"min-height:100%;padding-top:0;padding-right:0;padding-bottom:0;padding-left:0\">\n<h3 class=\"wp-block-heading has-text-align-left has-large-font-size\" id=\"h-keine-termine-verpassen\" style=\"line-height:1.1\"><strong>Never miss an appointment<\/strong><\/h3>\n\n\n\n<p class=\"has-text-align-left\">With addHleix, you can plan service orders, assignments and tours accurately and punctually.<\/p>\n\n\n\n<p class=\"has-text-align-left\">Thanks to reliable ETA forecasts, you are always able to serve your customers on time and make informed decisions even in the event of unforeseen circumstances.<\/p>\n<\/div>\n<\/div>\n\n\n\n<div class=\"wp-block-column is-layout-flow wp-block-column-is-layout-flow\" style=\"padding-top:var(--wp--preset--spacing--80);padding-right:var(--wp--preset--spacing--30);padding-bottom:var(--wp--preset--spacing--80);padding-left:var(--wp--preset--spacing--30)\">\n<div class=\"wp-block-group has-global-padding is-layout-constrained wp-container-core-group-is-layout-639b5052 wp-block-group-is-layout-constrained\" style=\"min-height:100%;padding-top:0;padding-right:0;padding-bottom:0;padding-left:0\">\n<h3 class=\"wp-block-heading has-text-align-left has-large-font-size\" id=\"h-optimale-ressourcenauslastung\" style=\"line-height:1.1\"><strong>Optimal resource utilization<\/strong><\/h3>\n\n\n\n<p class=\"has-text-align-left\">The efficient use of your resources is crucial. <\/p>\n\n\n\n<p class=\"has-text-align-left\">With addHelix, you can allocate jobs based on the geographical proximity and availability of your employees, ensuring that your field service is always in the right place at the right time.<\/p>\n<\/div>\n<\/div>\n\n\n\n<div class=\"wp-block-column is-layout-flow wp-block-column-is-layout-flow\" style=\"padding-top:var(--wp--preset--spacing--80);padding-right:var(--wp--preset--spacing--30);padding-bottom:var(--wp--preset--spacing--80);padding-left:var(--wp--preset--spacing--30)\">\n<div class=\"wp-block-group has-global-padding is-layout-constrained wp-container-core-group-is-layout-639b5052 wp-block-group-is-layout-constrained\" style=\"min-height:100%;padding-top:0;padding-right:0;padding-bottom:0;padding-left:0\">\n<h3 class=\"wp-block-heading has-text-align-left has-large-font-size\" id=\"h-kostenkontrolle-leicht-gemacht\" style=\"line-height:1.1\"><strong><strong>Cost control made easy<\/strong><\/strong><\/h3>\n\n\n\n<p class=\"has-text-align-left\">We understand that cost control is of paramount importance to your business. <\/p>\n\n\n\n<p class=\"has-text-align-left\">addHelix helps you to minimize travel costs and working hours. With our web services, you can plan your resources optimally and easily manage expected (travel) costs.<\/p>\n<\/div>\n<\/div>\n<\/div>\n<\/div>\n\n\n\n<div class=\"wp-block-group alignfull has-base-color has-custom-call-2-action-gradient-background has-text-color has-background has-global-padding is-layout-constrained wp-container-core-group-is-layout-a47e864c wp-block-group-is-layout-constrained\" style=\"padding-top:var(--wp--preset--spacing--80);padding-right:var(--wp--preset--spacing--50);padding-bottom:var(--wp--preset--spacing--80);padding-left:var(--wp--preset--spacing--50)\">\n<div class=\"wp-block-group has-global-padding is-layout-constrained wp-container-core-group-is-layout-fac89d76 wp-block-group-is-layout-constrained\" style=\"padding-top:var(--wp--preset--spacing--80);padding-bottom:var(--wp--preset--spacing--80)\">\n<div class=\"wp-block-group has-global-padding is-layout-constrained wp-container-core-group-is-layout-19e250f3 wp-block-group-is-layout-constrained\">\n<p>Are you ready for efficient field service management?<\/p>\n\n\n\n<h2 class=\"wp-block-heading has-x-large-font-size\" id=\"h-vereinfachen-sie-die-arbeit-ihres-aussendienstes-senken-sie-kosten-und-steigern-sie-die-kundenzufriedenheit\">Simplify the work of your sales force, reduce costs and increase customer satisfaction.<\/h2>\n<\/div>\n\n\n\n<div class=\"wp-block-buttons is-layout-flex wp-block-buttons-is-layout-flex\">\n<div class=\"wp-block-button is-style-fill\"><a class=\"wp-block-button__link has-secondary-color has-white-background-color has-text-color has-background wp-element-button\" href=\"https:\/\/dev.addhelix.com\/en\/loslegen\/\">Contact us!<\/a><\/div>\n<\/div>\n<\/div>\n<\/div>","protected":false},"excerpt":{"rendered":"<p>In der heutigen schnelllebigen Gesch\u00e4ftswelt sind p\u00fcnktliche Serviceauftr\u00e4ge von entscheidender Bedeutung. Unsere Online-L\u00f6sungen von addHelix, entwickelt von Axians ICT Austria, sind darauf ausgerichtet, Ihre Ressourcen gezielt zu planen, Terminpl\u00e4ne zuverl\u00e4ssig einzuhalten und dies unabh\u00e4ngig von den Herausforderungen, denen Sie gegen\u00fcberstehen. Die Webl\u00f6sungen von addHelix erm\u00f6glichen Ihnen mit einfachem Zonen-Mapping, Priorisierung der Auftr\u00e4ge und automatisiertem Nachrichtenversand, [&hellip;]<\/p>\n","protected":false},"author":1,"featured_media":1472,"parent":0,"menu_order":0,"comment_status":"closed","ping_status":"closed","template":"","meta":{"_acf_changed":false,"content-type":"","inline_featured_image":false,"footnotes":""},"class_list":["post-600","page","type-page","status-publish","has-post-thumbnail","hentry"],"acf":[],"_links":{"self":[{"href":"https:\/\/dev.addhelix.com\/en\/wp-json\/wp\/v2\/pages\/600","targetHints":{"allow":["GET"]}}],"collection":[{"href":"https:\/\/dev.addhelix.com\/en\/wp-json\/wp\/v2\/pages"}],"about":[{"href":"https:\/\/dev.addhelix.com\/en\/wp-json\/wp\/v2\/types\/page"}],"author":[{"embeddable":true,"href":"https:\/\/dev.addhelix.com\/en\/wp-json\/wp\/v2\/users\/1"}],"replies":[{"embeddable":true,"href":"https:\/\/dev.addhelix.com\/en\/wp-json\/wp\/v2\/comments?post=600"}],"version-history":[{"count":48,"href":"https:\/\/dev.addhelix.com\/en\/wp-json\/wp\/v2\/pages\/600\/revisions"}],"predecessor-version":[{"id":3900,"href":"https:\/\/dev.addhelix.com\/en\/wp-json\/wp\/v2\/pages\/600\/revisions\/3900"}],"wp:featuredmedia":[{"embeddable":true,"href":"https:\/\/dev.addhelix.com\/en\/wp-json\/wp\/v2\/media\/1472"}],"wp:attachment":[{"href":"https:\/\/dev.addhelix.com\/en\/wp-json\/wp\/v2\/media?parent=600"}],"curies":[{"name":"wp","href":"https:\/\/api.w.org\/{rel}","templated":true}]}}