{"id":602,"date":"2023-09-07T07:39:30","date_gmt":"2023-09-07T07:39:30","guid":{"rendered":"http:\/\/wordpress.p646551.webspaceconfig.de\/?page_id=602"},"modified":"2025-01-15T15:33:17","modified_gmt":"2025-01-15T15:33:17","slug":"handel","status":"publish","type":"page","link":"https:\/\/dev.addhelix.com\/en\/handel\/","title":{"rendered":"For retail and store logistics"},"content":{"rendered":"<div class=\"wp-block-cover alignfull\" style=\"min-height:25vw;aspect-ratio:unset;\"><span aria-hidden=\"true\" class=\"wp-block-cover__background has-contrast-background-color has-background-dim-40 has-background-dim\"><\/span><img loading=\"lazy\" decoding=\"async\" width=\"2560\" height=\"1620\" src=\"https:\/\/dev.addhelix.com\/wp-content\/uploads\/2023\/09\/AdobeStock_254159071-scaled.jpeg\" class=\"wp-block-cover__image-background wp-post-image\" alt=\"\" data-object-fit=\"cover\" data-object-position=\"50% 5%\" style=\"object-position:50% 5%;\" srcset=\"https:\/\/dev.addhelix.com\/wp-content\/uploads\/2023\/09\/AdobeStock_254159071-scaled.jpeg 2560w, https:\/\/dev.addhelix.com\/wp-content\/uploads\/2023\/09\/AdobeStock_254159071-300x190.jpeg 300w, https:\/\/dev.addhelix.com\/wp-content\/uploads\/2023\/09\/AdobeStock_254159071-1024x648.jpeg 1024w, https:\/\/dev.addhelix.com\/wp-content\/uploads\/2023\/09\/AdobeStock_254159071-768x486.jpeg 768w, https:\/\/dev.addhelix.com\/wp-content\/uploads\/2023\/09\/AdobeStock_254159071-1536x972.jpeg 1536w, https:\/\/dev.addhelix.com\/wp-content\/uploads\/2023\/09\/AdobeStock_254159071-2048x1296.jpeg 2048w\" sizes=\"auto, (max-width: 2560px) 100vw, 2560px\" \/><div class=\"wp-block-cover__inner-container is-layout-flow wp-block-cover-is-layout-flow\"><h1 class=\"has-text-align-center wp-block-post-title\">For retail and store logistics<\/h1><\/div><\/div>\n\n\n\n<div class=\"wp-block-columns has-large-font-size is-layout-flex wp-container-core-columns-is-layout-f24b2f23 wp-block-columns-is-layout-flex\" style=\"padding-top:var(--wp--preset--spacing--80);padding-bottom:var(--wp--preset--spacing--80)\">\n<div class=\"wp-block-column is-layout-flow wp-block-column-is-layout-flow\">\n<p>In today's fast-paced retail world, store logisticians face a variety of challenges. <\/p>\n\n\n\n<p>The increasing complexity of store networks, the growth of online retail and the growing demand for sustainability require innovative solutions to make your retail logistics more efficient and environmentally friendly. <\/p>\n<\/div>\n\n\n\n<div class=\"wp-block-column is-layout-flow wp-block-column-is-layout-flow\">\n<p>With the web-based services from Axians ICT Austria, you can master the complexity of your retail logistics.<\/p>\n\n\n\n<p>Our online solutions take into account the requirements of your expanding branch networks and enable you to plan deliveries precisely and keep track of multiple locations.<\/p>\n<\/div>\n<\/div>\n\n\n\n<div class=\"wp-block-group alignfull has-base-color has-vivid-cyan-blue-to-vivid-purple-gradient-background has-text-color has-background is-layout-flow wp-block-group-is-layout-flow\" style=\"padding-top:var(--wp--preset--spacing--80);padding-bottom:var(--wp--preset--spacing--80)\">\n<div class=\"wp-block-group has-global-padding is-layout-constrained wp-container-core-group-is-layout-fac89d76 wp-block-group-is-layout-constrained\" style=\"padding-top:var(--wp--preset--spacing--80);padding-bottom:var(--wp--preset--spacing--80)\">\n<div class=\"wp-block-group has-global-padding is-layout-constrained wp-container-core-group-is-layout-19e250f3 wp-block-group-is-layout-constrained\">\n<h2 class=\"wp-block-heading has-text-align-center has-xx-large-font-size\" id=\"h-addhelix-fur-die-effiziente-handelslogistik\">addHelix for efficient retail logistics<\/h2>\n<\/div>\n\n\n\n<div class=\"wp-block-columns is-layout-flex wp-container-core-columns-is-layout-28f84493 wp-block-columns-is-layout-flex\">\n<div class=\"wp-block-column is-layout-flow wp-block-column-is-layout-flow\">\n<p>Axians is your reliable partner for optimized route planning for store and retail logistics.<\/p>\n\n\n\n<p>Whether you want to plan single or frame tours, managing orders tailored to your complex store network and stock levels has never been easier.<\/p>\n<\/div>\n\n\n\n<div class=\"wp-block-column is-layout-flow wp-block-column-is-layout-flow\">\n<p>With our sophisticated web solutions, you can plan routes for vehicles of any size, from HGV trucks to vans, at the touch of a button using the latest ETA Forecast technology.<\/p>\n\n\n\n<p>The user-defined solutions enable you to plan efficient logistics with route mapping and verified addresses.<\/p>\n<\/div>\n\n\n\n<div class=\"wp-block-column is-layout-flow wp-block-column-is-layout-flow\">\n<p>If you need to change your route at short notice, real-time location tracking, easy rescheduling of stops and the messaging service ensure that the information is transmitted to your vehicles at lightning speed.<\/p>\n\n\n\n<p>This increases efficiency and reduces costs, even in exceptional situations.<\/p>\n<\/div>\n<\/div>\n\n\n\n<div class=\"wp-block-buttons is-layout-flex wp-block-buttons-is-layout-flex\">\n<div class=\"wp-block-button is-style-fill\" style=\"text-transform:uppercase\"><a class=\"wp-block-button__link has-primary-color has-base-background-color has-text-color has-background wp-element-button\" href=\"https:\/\/dev.addhelix.com\/en\/kontakt\/\">Get in touch with us!<\/a><\/div>\n<\/div>\n<\/div>\n<\/div>\n\n\n\n<div class=\"wp-block-cover alignfull is-light has-parallax has-white-color has-text-color\" style=\"margin-top:0;margin-bottom:0;min-height:50vh;aspect-ratio:unset;\"><span aria-hidden=\"true\" class=\"wp-block-cover__background has-background-dim\"><\/span><div class=\"wp-block-cover__image-background wp-image-1382 has-parallax\" style=\"background-position:50% 50%;background-image:url(https:\/\/dev.addhelix.com\/wp-content\/uploads\/2023\/09\/Logistik-Filiallogistik-planen-RoadRunner-addHelix-scaled.jpg)\"><\/div><div class=\"wp-block-cover__inner-container is-layout-flow wp-block-cover-is-layout-flow\">\n<p class=\"has-text-align-center has-large-font-size\"><\/p>\n<\/div><\/div>\n\n\n\n<div class=\"wp-block-group alignfull has-global-padding is-layout-constrained wp-container-core-group-is-layout-51f92bee wp-block-group-is-layout-constrained has-background\" style=\"margin-top:var(--wp--preset--spacing--80);margin-bottom:var(--wp--preset--spacing--80);padding-top:var(--wp--preset--spacing--80);padding-bottom:var(--wp--preset--spacing--80);background-image:url(&apos;https:\/\/dev.addhelix.com\/wp-content\/uploads\/2024\/08\/Helix.png&apos;);background-position:0% 50%;background-repeat:no-repeat;background-size:contain;\">\n<div class=\"wp-block-group has-global-padding is-layout-constrained wp-block-group-is-layout-constrained\">\n<h2 class=\"wp-block-heading has-text-align-center\" id=\"h-warum-addhelix-fur-die-rahmentouren-und-routenplanung\" style=\"margin-top:0;margin-bottom:0\">Why addHelix for frame tour and route planning?<\/h2>\n<\/div>\n\n\n\n<div class=\"wp-block-columns is-layout-flex wp-container-core-columns-is-layout-28f84493 wp-block-columns-is-layout-flex\">\n<div class=\"wp-block-column is-layout-flow wp-block-column-is-layout-flow\" style=\"padding-top:var(--wp--preset--spacing--80);padding-right:var(--wp--preset--spacing--30);padding-bottom:var(--wp--preset--spacing--80);padding-left:var(--wp--preset--spacing--30)\">\n<div class=\"wp-block-group has-global-padding is-layout-constrained wp-container-core-group-is-layout-639b5052 wp-block-group-is-layout-constrained\" style=\"min-height:100%;padding-top:0;padding-right:0;padding-bottom:0;padding-left:0\">\n<h3 class=\"wp-block-heading has-text-align-left has-large-font-size\" id=\"h-nachhaltigkeit-in-der-filiallogistik\" style=\"line-height:1.1\"><strong><strong>Sustainability in store logistics<\/strong><\/strong><\/h3>\n\n\n\n<p class=\"has-text-align-left\">The increasing demand for sustainability requires more environmentally friendly logistics processes.<\/p>\n\n\n\n<p class=\"has-text-align-left translation-block\">The online services of addHelix contribute to this by minimizing empty runs, optimizing vehicle utilization and carrying out reliable CO<sub>2<\/sub> calculations.<\/p>\n<\/div>\n<\/div>\n\n\n\n<div class=\"wp-block-column is-layout-flow wp-block-column-is-layout-flow\" style=\"padding-top:var(--wp--preset--spacing--80);padding-right:var(--wp--preset--spacing--30);padding-bottom:var(--wp--preset--spacing--80);padding-left:var(--wp--preset--spacing--30)\">\n<div class=\"wp-block-group has-global-padding is-layout-constrained wp-container-core-group-is-layout-639b5052 wp-block-group-is-layout-constrained\" style=\"min-height:100%;padding-top:0;padding-right:0;padding-bottom:0;padding-left:0\">\n<h3 class=\"wp-block-heading has-text-align-left has-large-font-size\" id=\"h-lieferprozesse-mit-echtzeitkontrolle\" style=\"line-height:1.1\"><strong>Delivery processes with real-time control<\/strong><\/h3>\n\n\n\n<p class=\"has-text-align-left\">The addHelix services give you full control over your deliveries in real time.<\/p>\n\n\n\n<p class=\"has-text-align-left\">Our solutions offer improved supply chain visibility so that you can keep an eye on the status of your shipments at all times.<\/p>\n<\/div>\n<\/div>\n\n\n\n<div class=\"wp-block-column is-layout-flow wp-block-column-is-layout-flow\" style=\"padding-top:var(--wp--preset--spacing--80);padding-right:var(--wp--preset--spacing--30);padding-bottom:var(--wp--preset--spacing--80);padding-left:var(--wp--preset--spacing--30)\">\n<div class=\"wp-block-group has-global-padding is-layout-constrained wp-container-core-group-is-layout-639b5052 wp-block-group-is-layout-constrained\" style=\"min-height:100%;padding-top:0;padding-right:0;padding-bottom:0;padding-left:0\">\n<h3 class=\"wp-block-heading has-text-align-left has-large-font-size\" id=\"h-effiziente-planung-von-rahmentouren\" style=\"line-height:1.1\"><strong><strong><strong>Efficient planning of frame tours<\/strong><\/strong><\/strong><\/h3>\n\n\n\n<p class=\"has-text-align-left\">Product storage incurs high costs. Efficient planning of frame tours is therefore important in order to optimally manage recurring deliveries. <\/p>\n\n\n\n<p class=\"has-text-align-left\">Our efficient solutions can significantly improve the profitability of store logistics.<\/p>\n<\/div>\n<\/div>\n<\/div>\n<\/div>\n\n\n\n<div class=\"wp-block-group alignfull has-base-color has-custom-call-2-action-gradient-background has-text-color has-background has-global-padding is-layout-constrained wp-container-core-group-is-layout-a47e864c wp-block-group-is-layout-constrained\" style=\"padding-top:var(--wp--preset--spacing--80);padding-right:var(--wp--preset--spacing--50);padding-bottom:var(--wp--preset--spacing--80);padding-left:var(--wp--preset--spacing--50)\">\n<div class=\"wp-block-group has-global-padding is-layout-constrained wp-container-core-group-is-layout-fac89d76 wp-block-group-is-layout-constrained\" style=\"padding-top:var(--wp--preset--spacing--80);padding-bottom:var(--wp--preset--spacing--80)\">\n<div class=\"wp-block-group has-global-padding is-layout-constrained wp-container-core-group-is-layout-5a30f31b wp-block-group-is-layout-constrained\">\n<h2 class=\"wp-block-heading\" id=\"h-bereit-fur-eine-effizientere-filiallogistik-im-handel\">Ready for more efficient store logistics in retail?<\/h2>\n\n\n\n<p>Try the addHleix web services today and optimize your route planning!<\/p>\n<\/div>\n\n\n\n<div class=\"wp-block-buttons is-layout-flex wp-block-buttons-is-layout-flex\">\n<div class=\"wp-block-button is-style-fill\" style=\"text-transform:uppercase\"><a class=\"wp-block-button__link has-secondary-color has-white-background-color has-text-color has-background wp-element-button\" href=\"https:\/\/dev.addhelix.com\/en\/kontakt\/\">Get in touch with us!<\/a><\/div>\n<\/div>\n<\/div>\n<\/div>","protected":false},"excerpt":{"rendered":"<p>In der heutigen schnelllebigen Handelswelt stehen Filiallogistiker vor vielf\u00e4ltigen Herausforderungen. Die steigende Komplexit\u00e4t der Filialnetze, das Wachstum des Online-Handels und die zunehmende Nachfrage nach Nachhaltigkeit erfordern innovative L\u00f6sungen, um Ihre Retaillogistik effizienter und umweltfreundlicher zu gestalten. Mit dem webbasierten Services von Axians ICT Austria k\u00f6nnen Sie die Komplexit\u00e4t Ihrer Handelslogistik meistern. Unsere Online-L\u00f6sungen ber\u00fccksichtigen die [&hellip;]<\/p>\n","protected":false},"author":1,"featured_media":837,"parent":0,"menu_order":0,"comment_status":"closed","ping_status":"closed","template":"","meta":{"_acf_changed":false,"content-type":"","inline_featured_image":false,"footnotes":""},"class_list":["post-602","page","type-page","status-publish","has-post-thumbnail","hentry"],"acf":[],"_links":{"self":[{"href":"https:\/\/dev.addhelix.com\/en\/wp-json\/wp\/v2\/pages\/602","targetHints":{"allow":["GET"]}}],"collection":[{"href":"https:\/\/dev.addhelix.com\/en\/wp-json\/wp\/v2\/pages"}],"about":[{"href":"https:\/\/dev.addhelix.com\/en\/wp-json\/wp\/v2\/types\/page"}],"author":[{"embeddable":true,"href":"https:\/\/dev.addhelix.com\/en\/wp-json\/wp\/v2\/users\/1"}],"replies":[{"embeddable":true,"href":"https:\/\/dev.addhelix.com\/en\/wp-json\/wp\/v2\/comments?post=602"}],"version-history":[{"count":31,"href":"https:\/\/dev.addhelix.com\/en\/wp-json\/wp\/v2\/pages\/602\/revisions"}],"predecessor-version":[{"id":3804,"href":"https:\/\/dev.addhelix.com\/en\/wp-json\/wp\/v2\/pages\/602\/revisions\/3804"}],"wp:featuredmedia":[{"embeddable":true,"href":"https:\/\/dev.addhelix.com\/en\/wp-json\/wp\/v2\/media\/837"}],"wp:attachment":[{"href":"https:\/\/dev.addhelix.com\/en\/wp-json\/wp\/v2\/media?parent=602"}],"curies":[{"name":"wp","href":"https:\/\/api.w.org\/{rel}","templated":true}]}}